{"id":148178,"date":"2024-04-29T08:55:41","date_gmt":"2024-04-29T00:55:41","guid":{"rendered":"https:\/\/www.gfogaming.com\/product\/mecha-retrofit-red-edition-wireless-controller-fuer-nintendo-switch-vorbestellen-erscheint-demnaechst\/"},"modified":"2024-09-27T16:34:15","modified_gmt":"2024-09-27T08:34:15","slug":"mecha-retrofit-red-edition-wireless-controller-fuer-nintendo-switch-vorbestellen-erscheint-demnaechst","status":"publish","type":"product","link":"https:\/\/www.gfogaming.com\/de\/product\/mecha-retrofit-red-edition-wireless-controller-fuer-nintendo-switch-vorbestellen-erscheint-demnaechst\/","title":{"rendered":"Mecha Retrofit Red Edition Wireless Controller f\u00fcr Nintendo Switch vorbestellen (erscheint demn\u00e4chst)"},"content":{"rendered":"<style><\/style><style><\/style><style>.kadence-column10171_30bd68-44 > .kt-inside-inner-col{padding-top:var(--global-kb-spacing-xl, 4rem);padding-bottom:var(--global-kb-spacing-xl, 4rem);}.kadence-column10171_30bd68-44 > .kt-inside-inner-col,.kadence-column10171_30bd68-44 > .kt-inside-inner-col:before{border-top-left-radius:0px;border-top-right-radius:0px;border-bottom-right-radius:0px;border-bottom-left-radius:0px;}.kadence-column10171_30bd68-44 > .kt-inside-inner-col{column-gap:var(--global-kb-gap-sm, 1rem);}.kadence-column10171_30bd68-44 > .kt-inside-inner-col{flex-direction:column;}.kadence-column10171_30bd68-44 > .kt-inside-inner-col > .aligncenter{width:100%;}.kadence-column10171_30bd68-44 > .kt-inside-inner-col:before{opacity:0.3;}.kadence-column10171_30bd68-44{position:relative;}@media all and (max-width: 1024px){.kadence-column10171_30bd68-44 > .kt-inside-inner-col{flex-direction:column;justify-content:center;}}@media all and (max-width: 767px){.kadence-column10171_30bd68-44 > .kt-inside-inner-col{padding-top:0px;padding-bottom:0px;flex-direction:column;justify-content:center;}}<\/style>\n<div class=\"wp-block-kadence-column kadence-column10171_30bd68-44\"><div class=\"kt-inside-inner-col\">\n<div class=\"wp-block-icgb-image-compare undefined icgb-compare-block\" data-hover=\"false\" data-label=\"false\" data-lil=\"Before\" data-ril=\"After\" data-vertical=\"false\"><img loading=\"lazy\" decoding=\"async\" width=\"3240\" height=\"1080\" src=\"https:\/\/cdn.gfogaming.com\/wp-content\/uploads\/2024\/04\/04115944\/A-GFO711V-V1_Light-L.png\" alt=\"\" class=\"wp-image-10304\" srcset=\"https:\/\/cdn.gfogaming.com\/wp-content\/uploads\/2024\/04\/04115944\/A-GFO711V-V1_Light-L.png 3240w, https:\/\/cdn.gfogaming.com\/wp-content\/uploads\/2024\/04\/04115944\/A-GFO711V-V1_Light-L-300x100.png 300w, https:\/\/cdn.gfogaming.com\/wp-content\/uploads\/2024\/04\/04115944\/A-GFO711V-V1_Light-L-1024x341.png 1024w, https:\/\/cdn.gfogaming.com\/wp-content\/uploads\/2024\/04\/04115944\/A-GFO711V-V1_Light-L-768x256.png 768w, https:\/\/cdn.gfogaming.com\/wp-content\/uploads\/2024\/04\/04115944\/A-GFO711V-V1_Light-L-1536x512.png 1536w, https:\/\/cdn.gfogaming.com\/wp-content\/uploads\/2024\/04\/04115944\/A-GFO711V-V1_Light-L-2048x683.png 2048w, https:\/\/cdn.gfogaming.com\/wp-content\/uploads\/2024\/04\/04115944\/A-GFO711V-V1_Light-L-990x330.png 990w, https:\/\/cdn.gfogaming.com\/wp-content\/uploads\/2024\/04\/04115944\/A-GFO711V-V1_Light-L-441x147.png 441w, https:\/\/cdn.gfogaming.com\/wp-content\/uploads\/2024\/04\/04115944\/A-GFO711V-V1_Light-L-800x267.png 800w, https:\/\/cdn.gfogaming.com\/wp-content\/uploads\/2024\/04\/04115944\/A-GFO711V-V1_Light-L-150x50.png 150w, https:\/\/cdn.gfogaming.com\/wp-content\/uploads\/2024\/04\/04115944\/A-GFO711V-V1_Light-L-64x21.png 64w\" sizes=\"auto, (max-width: 3240px) 100vw, 3240px\" \/><img loading=\"lazy\" decoding=\"async\" width=\"3240\" height=\"1080\" src=\"https:\/\/cdn.gfogaming.com\/wp-content\/uploads\/2024\/04\/04115942\/A-GFO711V-V1_Light-R.png\" alt=\"\" class=\"wp-image-10309\" srcset=\"https:\/\/cdn.gfogaming.com\/wp-content\/uploads\/2024\/04\/04115942\/A-GFO711V-V1_Light-R.png 3240w, https:\/\/cdn.gfogaming.com\/wp-content\/uploads\/2024\/04\/04115942\/A-GFO711V-V1_Light-R-300x100.png 300w, https:\/\/cdn.gfogaming.com\/wp-content\/uploads\/2024\/04\/04115942\/A-GFO711V-V1_Light-R-1024x341.png 1024w, https:\/\/cdn.gfogaming.com\/wp-content\/uploads\/2024\/04\/04115942\/A-GFO711V-V1_Light-R-768x256.png 768w, https:\/\/cdn.gfogaming.com\/wp-content\/uploads\/2024\/04\/04115942\/A-GFO711V-V1_Light-R-1536x512.png 1536w, https:\/\/cdn.gfogaming.com\/wp-content\/uploads\/2024\/04\/04115942\/A-GFO711V-V1_Light-R-2048x683.png 2048w, https:\/\/cdn.gfogaming.com\/wp-content\/uploads\/2024\/04\/04115942\/A-GFO711V-V1_Light-R-990x330.png 990w, https:\/\/cdn.gfogaming.com\/wp-content\/uploads\/2024\/04\/04115942\/A-GFO711V-V1_Light-R-441x147.png 441w, https:\/\/cdn.gfogaming.com\/wp-content\/uploads\/2024\/04\/04115942\/A-GFO711V-V1_Light-R-800x267.png 800w, https:\/\/cdn.gfogaming.com\/wp-content\/uploads\/2024\/04\/04115942\/A-GFO711V-V1_Light-R-150x50.png 150w, https:\/\/cdn.gfogaming.com\/wp-content\/uploads\/2024\/04\/04115942\/A-GFO711V-V1_Light-R-64x21.png 64w\" sizes=\"auto, (max-width: 3240px) 100vw, 3240px\" \/><\/div>\n<\/div><\/div>\n","protected":false},"excerpt":{"rendered":"[cg_accordion title=\"DESCRIPTION\" open=\"open\"]\n<div class=\"short-desc\">\n<div class=\"cell\">Mit dem von GFO MECHA inspirierten Gaming-Controller, der f\u00fcr die Vorherrschaft in allen Spieluniversen entwickelt wurde, erreichen Sie monumentale neue H\u00f6hen. Dieser futuristische Krieger vereint modernste MECHA-\u00c4sthetik mit unvergleichlicher Funktionalit\u00e4t, die Ihnen auf jeder Plattform die Oberhand verschafft.  <br \/>Wichtige Merkmale:<\/p>\n<ul>\n<li>Bewegungssteuerung (nur f\u00fcr Schalter)<\/li>\n<li>Rumble Feedback<\/li>\n<li>Analoge Ausl\u00f6ser<\/li>\n<li>Turbo-\/Automatikfeuer-Funktion<\/li>\n<li>Programm Back Paddles<\/li>\n<li>RGB-Akzentleuchte<\/li>\n<li>Headset-Buchse<\/li>\n<li>App-Unterst\u00fctzung (IOS\/Android)<\/li>\n<li>1200mAh Akku<\/li>\n<\/ul>\n<\/div>\n<p><!-- Wrap content to be hidden\/shown within hidden-content span --> <span class=\"hidden-content\"><span class=\"hidden-content\"> <!-- Hidden content goes here --><\/span><\/span><\/p>\n<div class=\"cell\"><!-- Additional details that will be shown when \"Show More\" is clicked --><\/div>\n<\/div>\n<p><span class=\"read-more-btn\">Mehr anzeigen<\/span> [\/cg_accordion] [cg_accordion title=\"WHAT'S INCLUDED\"] In diesem Set enthaltene Artikel:<\/p>\n<ul>\n<li style=\"list-style-type: none;\">\n<ul>\n<li>Gefunon\u00ae Mecha Retrofit Blue Edition Controller<\/li>\n<li>80cm Typ-C Kabel<\/li>\n<li>Anleitungsbrosch\u00fcre<\/li>\n<\/ul>\n<\/li>\n<\/ul>\n<p>[\/cg_accordion] [cg_accordion title=\"VERSAND- UND R\u00dcCKGABERICHTLINIEN\"]  Wir bieten Ihnen ein unkompliziertes R\u00fcckgabe- und Umtauschrecht innerhalb von 30 Tagen nach Erhalt Ihres Produkts.<br \/>\nWenn Sie mit Ihrem Kauf nicht zufrieden sind, k\u00f6nnen Sie aus beliebigen Gr\u00fcnden eine R\u00fcckgabe oder einen Umtausch beantragen.   [\/cg_accordion]<\/p>\n","protected":false},"featured_media":148032,"comment_status":"open","ping_status":"closed","template":"","meta":{"bwfblock_default_font":"","_gspb_post_css":"","_kad_blocks_custom_css":"","_kad_blocks_head_custom_js":"","_kad_blocks_body_custom_js":"","_kad_blocks_footer_custom_js":""},"product_brand":[],"product_cat":[75],"product_tag":[],"class_list":{"0":"post-148178","1":"product","2":"type-product","3":"status-publish","4":"has-post-thumbnail","6":"product_cat-unkategorisiert","8":"first","9":"outofstock","10":"sold-individually","11":"shipping-taxable","12":"product-type-simple"},"yoast_head":"<!-- This site is optimized with the Yoast SEO Premium plugin v26.8 (Yoast SEO v27.0) - https:\/\/yoast.com\/product\/yoast-seo-premium-wordpress\/ -->\n<title>Mecha Retrofit Red Edition Wireless Controller f\u00fcr Nintendo Switch vorbestellen (erscheint demn\u00e4chst) | GFOGAMING<\/title>\n<meta name=\"robots\" content=\"noindex, follow\" \/>\n<script type=\"application\/ld+json\" class=\"yoast-schema-graph\">{\"@context\":\"https:\/\/schema.org\",\"@graph\":[{\"@type\":\"WebPage\",\"@id\":\"https:\/\/www.gfogaming.com\/de\/product\/mecha-retrofit-red-edition-wireless-controller-fuer-nintendo-switch-vorbestellen-erscheint-demnaechst\/\",\"url\":\"https:\/\/www.gfogaming.com\/de\/product\/mecha-retrofit-red-edition-wireless-controller-fuer-nintendo-switch-vorbestellen-erscheint-demnaechst\/\",\"name\":\"Mecha Retrofit Red Edition Wireless Controller f\u00fcr Nintendo Switch vorbestellen (erscheint demn\u00e4chst) | GFOGAMING\",\"isPartOf\":{\"@id\":\"https:\/\/www.gfogaming.com\/de\/#website\"},\"primaryImageOfPage\":{\"@id\":\"https:\/\/www.gfogaming.com\/de\/product\/mecha-retrofit-red-edition-wireless-controller-fuer-nintendo-switch-vorbestellen-erscheint-demnaechst\/#primaryimage\"},\"image\":{\"@id\":\"https:\/\/www.gfogaming.com\/de\/product\/mecha-retrofit-red-edition-wireless-controller-fuer-nintendo-switch-vorbestellen-erscheint-demnaechst\/#primaryimage\"},\"thumbnailUrl\":\"https:\/\/cdn.gfogaming.com\/wp-content\/uploads\/2024\/04\/11143613\/GFO711V-02_1.front_.jpg\",\"datePublished\":\"2024-04-29T00:55:41+00:00\",\"dateModified\":\"2024-09-27T08:34:15+00:00\",\"breadcrumb\":{\"@id\":\"https:\/\/www.gfogaming.com\/de\/product\/mecha-retrofit-red-edition-wireless-controller-fuer-nintendo-switch-vorbestellen-erscheint-demnaechst\/#breadcrumb\"},\"inLanguage\":\"de\",\"potentialAction\":[{\"@type\":\"ReadAction\",\"target\":[\"https:\/\/www.gfogaming.com\/de\/product\/mecha-retrofit-red-edition-wireless-controller-fuer-nintendo-switch-vorbestellen-erscheint-demnaechst\/\"]}]},{\"@type\":\"ImageObject\",\"inLanguage\":\"de\",\"@id\":\"https:\/\/www.gfogaming.com\/de\/product\/mecha-retrofit-red-edition-wireless-controller-fuer-nintendo-switch-vorbestellen-erscheint-demnaechst\/#primaryimage\",\"url\":\"https:\/\/cdn.gfogaming.com\/wp-content\/uploads\/2024\/04\/11143613\/GFO711V-02_1.front_.jpg\",\"contentUrl\":\"https:\/\/cdn.gfogaming.com\/wp-content\/uploads\/2024\/04\/11143613\/GFO711V-02_1.front_.jpg\",\"width\":2000,\"height\":2000},{\"@type\":\"BreadcrumbList\",\"@id\":\"https:\/\/www.gfogaming.com\/de\/product\/mecha-retrofit-red-edition-wireless-controller-fuer-nintendo-switch-vorbestellen-erscheint-demnaechst\/#breadcrumb\",\"itemListElement\":[{\"@type\":\"ListItem\",\"position\":1,\"name\":\"Home\",\"item\":\"https:\/\/www.gfogaming.com\/de\/\"},{\"@type\":\"ListItem\",\"position\":2,\"name\":\"Shop\",\"item\":\"https:\/\/www.gfogaming.com\/de\/shop\/\"},{\"@type\":\"ListItem\",\"position\":3,\"name\":\"Mecha Retrofit Red Edition Wireless Controller f\u00fcr Nintendo Switch vorbestellen (erscheint demn\u00e4chst)\"}]},{\"@type\":\"WebSite\",\"@id\":\"https:\/\/www.gfogaming.com\/de\/#website\",\"url\":\"https:\/\/www.gfogaming.com\/de\/\",\"name\":\"GFO Gaming\",\"description\":\"\",\"publisher\":{\"@id\":\"https:\/\/www.gfogaming.com\/de\/#organization\"},\"potentialAction\":[{\"@type\":\"SearchAction\",\"target\":{\"@type\":\"EntryPoint\",\"urlTemplate\":\"https:\/\/www.gfogaming.com\/de\/?s={search_term_string}\"},\"query-input\":{\"@type\":\"PropertyValueSpecification\",\"valueRequired\":true,\"valueName\":\"search_term_string\"}}],\"inLanguage\":\"de\"},{\"@type\":\"Organization\",\"@id\":\"https:\/\/www.gfogaming.com\/de\/#organization\",\"name\":\"GFOGAMING\",\"url\":\"https:\/\/www.gfogaming.com\/de\/\",\"logo\":{\"@type\":\"ImageObject\",\"inLanguage\":\"de\",\"@id\":\"https:\/\/www.gfogaming.com\/de\/#\/schema\/logo\/image\/\",\"url\":\"https:\/\/cdn.gfogaming.com\/wp-content\/uploads\/2023\/10\/04120106\/GFO-Logos-02.png\",\"contentUrl\":\"https:\/\/cdn.gfogaming.com\/wp-content\/uploads\/2023\/10\/04120106\/GFO-Logos-02.png\",\"width\":1276,\"height\":272,\"caption\":\"GFOGAMING\"},\"image\":{\"@id\":\"https:\/\/www.gfogaming.com\/de\/#\/schema\/logo\/image\/\"},\"sameAs\":[\"https:\/\/www.instagram.com\/gefunon_gaming\/\"]}]}<\/script>\n<meta property=\"product:price:currency\" content=\"EUR\" \/>\n<meta property=\"og:availability\" content=\"out of stock\" \/>\n<meta property=\"product:availability\" content=\"out of stock\" \/>\n<meta property=\"product:retailer_item_id\" content=\"GFO711V-02-USD\" \/>\n<meta property=\"product:condition\" content=\"new\" \/>\n<!-- \/ Yoast SEO Premium plugin. -->","yoast_head_json":{"title":"Mecha Retrofit Red Edition Wireless Controller f\u00fcr Nintendo Switch vorbestellen (erscheint demn\u00e4chst) | GFOGAMING","robots":{"index":"noindex","follow":"follow"},"schema":{"@context":"https:\/\/schema.org","@graph":[{"@type":"WebPage","@id":"https:\/\/www.gfogaming.com\/de\/product\/mecha-retrofit-red-edition-wireless-controller-fuer-nintendo-switch-vorbestellen-erscheint-demnaechst\/","url":"https:\/\/www.gfogaming.com\/de\/product\/mecha-retrofit-red-edition-wireless-controller-fuer-nintendo-switch-vorbestellen-erscheint-demnaechst\/","name":"Mecha Retrofit Red Edition Wireless Controller f\u00fcr Nintendo Switch vorbestellen (erscheint demn\u00e4chst) | GFOGAMING","isPartOf":{"@id":"https:\/\/www.gfogaming.com\/de\/#website"},"primaryImageOfPage":{"@id":"https:\/\/www.gfogaming.com\/de\/product\/mecha-retrofit-red-edition-wireless-controller-fuer-nintendo-switch-vorbestellen-erscheint-demnaechst\/#primaryimage"},"image":{"@id":"https:\/\/www.gfogaming.com\/de\/product\/mecha-retrofit-red-edition-wireless-controller-fuer-nintendo-switch-vorbestellen-erscheint-demnaechst\/#primaryimage"},"thumbnailUrl":"https:\/\/cdn.gfogaming.com\/wp-content\/uploads\/2024\/04\/11143613\/GFO711V-02_1.front_.jpg","datePublished":"2024-04-29T00:55:41+00:00","dateModified":"2024-09-27T08:34:15+00:00","breadcrumb":{"@id":"https:\/\/www.gfogaming.com\/de\/product\/mecha-retrofit-red-edition-wireless-controller-fuer-nintendo-switch-vorbestellen-erscheint-demnaechst\/#breadcrumb"},"inLanguage":"de","potentialAction":[{"@type":"ReadAction","target":["https:\/\/www.gfogaming.com\/de\/product\/mecha-retrofit-red-edition-wireless-controller-fuer-nintendo-switch-vorbestellen-erscheint-demnaechst\/"]}]},{"@type":"ImageObject","inLanguage":"de","@id":"https:\/\/www.gfogaming.com\/de\/product\/mecha-retrofit-red-edition-wireless-controller-fuer-nintendo-switch-vorbestellen-erscheint-demnaechst\/#primaryimage","url":"https:\/\/cdn.gfogaming.com\/wp-content\/uploads\/2024\/04\/11143613\/GFO711V-02_1.front_.jpg","contentUrl":"https:\/\/cdn.gfogaming.com\/wp-content\/uploads\/2024\/04\/11143613\/GFO711V-02_1.front_.jpg","width":2000,"height":2000},{"@type":"BreadcrumbList","@id":"https:\/\/www.gfogaming.com\/de\/product\/mecha-retrofit-red-edition-wireless-controller-fuer-nintendo-switch-vorbestellen-erscheint-demnaechst\/#breadcrumb","itemListElement":[{"@type":"ListItem","position":1,"name":"Home","item":"https:\/\/www.gfogaming.com\/de\/"},{"@type":"ListItem","position":2,"name":"Shop","item":"https:\/\/www.gfogaming.com\/de\/shop\/"},{"@type":"ListItem","position":3,"name":"Mecha Retrofit Red Edition Wireless Controller f\u00fcr Nintendo Switch vorbestellen (erscheint demn\u00e4chst)"}]},{"@type":"WebSite","@id":"https:\/\/www.gfogaming.com\/de\/#website","url":"https:\/\/www.gfogaming.com\/de\/","name":"GFO Gaming","description":"","publisher":{"@id":"https:\/\/www.gfogaming.com\/de\/#organization"},"potentialAction":[{"@type":"SearchAction","target":{"@type":"EntryPoint","urlTemplate":"https:\/\/www.gfogaming.com\/de\/?s={search_term_string}"},"query-input":{"@type":"PropertyValueSpecification","valueRequired":true,"valueName":"search_term_string"}}],"inLanguage":"de"},{"@type":"Organization","@id":"https:\/\/www.gfogaming.com\/de\/#organization","name":"GFOGAMING","url":"https:\/\/www.gfogaming.com\/de\/","logo":{"@type":"ImageObject","inLanguage":"de","@id":"https:\/\/www.gfogaming.com\/de\/#\/schema\/logo\/image\/","url":"https:\/\/cdn.gfogaming.com\/wp-content\/uploads\/2023\/10\/04120106\/GFO-Logos-02.png","contentUrl":"https:\/\/cdn.gfogaming.com\/wp-content\/uploads\/2023\/10\/04120106\/GFO-Logos-02.png","width":1276,"height":272,"caption":"GFOGAMING"},"image":{"@id":"https:\/\/www.gfogaming.com\/de\/#\/schema\/logo\/image\/"},"sameAs":["https:\/\/www.instagram.com\/gefunon_gaming\/"]}]},"product_price_currency":"EUR","og_availability":"out of stock","product_availability":"out of stock","product_retailer_item_id":"GFO711V-02-USD","product_condition":"new"},"taxonomy_info":{"product_cat":[{"value":75,"label":"Unkategorisiert"}]},"featured_image_src_large":["https:\/\/cdn.gfogaming.com\/wp-content\/uploads\/2024\/04\/11143613\/GFO711V-02_1.front_-1024x1024.jpg",1024,1024,true],"author_info":[],"comment_info":0,"_links":{"self":[{"href":"https:\/\/www.gfogaming.com\/de\/wp-json\/wp\/v2\/product\/148178","targetHints":{"allow":["GET"]}}],"collection":[{"href":"https:\/\/www.gfogaming.com\/de\/wp-json\/wp\/v2\/product"}],"about":[{"href":"https:\/\/www.gfogaming.com\/de\/wp-json\/wp\/v2\/types\/product"}],"replies":[{"embeddable":true,"href":"https:\/\/www.gfogaming.com\/de\/wp-json\/wp\/v2\/comments?post=148178"}],"wp:featuredmedia":[{"embeddable":true,"href":"https:\/\/www.gfogaming.com\/de\/wp-json\/wp\/v2\/media\/148032"}],"wp:attachment":[{"href":"https:\/\/www.gfogaming.com\/de\/wp-json\/wp\/v2\/media?parent=148178"}],"wp:term":[{"taxonomy":"product_brand","embeddable":true,"href":"https:\/\/www.gfogaming.com\/de\/wp-json\/wp\/v2\/product_brand?post=148178"},{"taxonomy":"product_cat","embeddable":true,"href":"https:\/\/www.gfogaming.com\/de\/wp-json\/wp\/v2\/product_cat?post=148178"},{"taxonomy":"product_tag","embeddable":true,"href":"https:\/\/www.gfogaming.com\/de\/wp-json\/wp\/v2\/product_tag?post=148178"}],"curies":[{"name":"wp","href":"https:\/\/api.w.org\/{rel}","templated":true}]}}