{"id":9417,"date":"2024-03-15T05:53:07","date_gmt":"2024-03-15T05:53:07","guid":{"rendered":"https:\/\/www.gfogaming.com\/versandpolitik\/"},"modified":"2024-05-21T09:06:50","modified_gmt":"2024-05-21T09:06:50","slug":"versandpolitik","status":"publish","type":"page","link":"https:\/\/www.gfogaming.com\/de\/versandpolitik\/","title":{"rendered":"Versandpolitik"},"content":{"rendered":"<style>.kb-row-layout-id8566_3e1896-1b > .kt-row-column-wrap{align-content:start;}:where(.kb-row-layout-id8566_3e1896-1b > .kt-row-column-wrap) > .wp-block-kadence-column{justify-content:start;}.kb-row-layout-id8566_3e1896-1b > .kt-row-column-wrap{column-gap:var(--global-kb-gap-md, 2rem);row-gap:var(--global-kb-gap-md, 2rem);padding-top:var(--global-kb-spacing-sm, 1.5rem);padding-bottom:var(--global-kb-spacing-sm, 1.5rem);grid-template-columns:minmax(0, 1fr);}.kb-row-layout-id8566_3e1896-1b > .kt-row-layout-overlay{opacity:0.30;}@media all and (max-width: 1024px){.kb-row-layout-id8566_3e1896-1b > .kt-row-column-wrap{grid-template-columns:minmax(0, 1fr);}}@media all and (max-width: 767px){.kb-row-layout-id8566_3e1896-1b > .kt-row-column-wrap{grid-template-columns:minmax(0, 1fr);}}<\/style><div class=\"kb-row-layout-wrap kb-row-layout-id8566_3e1896-1b alignnone wp-block-kadence-rowlayout\"><div class=\"kt-row-column-wrap kt-has-1-columns kt-row-layout-equal kt-tab-layout-inherit kt-mobile-layout-row kt-row-valign-top\">\n<style>.kadence-column8566_3cf1ab-eb > .kt-inside-inner-col{padding-right:25%;padding-left:25%;}.kadence-column8566_3cf1ab-eb > .kt-inside-inner-col,.kadence-column8566_3cf1ab-eb > .kt-inside-inner-col:before{border-top-left-radius:0px;border-top-right-radius:0px;border-bottom-right-radius:0px;border-bottom-left-radius:0px;}.kadence-column8566_3cf1ab-eb > .kt-inside-inner-col{column-gap:var(--global-kb-gap-sm, 1rem);}.kadence-column8566_3cf1ab-eb > .kt-inside-inner-col{flex-direction:column;}.kadence-column8566_3cf1ab-eb > .kt-inside-inner-col > .aligncenter{width:100%;}.kadence-column8566_3cf1ab-eb > .kt-inside-inner-col:before{opacity:0.3;}.kadence-column8566_3cf1ab-eb{position:relative;}@media all and (max-width: 1024px){.kadence-column8566_3cf1ab-eb > .kt-inside-inner-col{flex-direction:column;justify-content:center;}}@media all and (max-width: 767px){.kadence-column8566_3cf1ab-eb > .kt-inside-inner-col{padding-right:2%;padding-left:2%;flex-direction:column;justify-content:center;}}<\/style>\n<div class=\"wp-block-kadence-column kadence-column8566_3cf1ab-eb\"><div class=\"kt-inside-inner-col\"><style>.wp-block-kadence-advancedheading.kt-adv-heading8566_e7d9d5-ec, .wp-block-kadence-advancedheading.kt-adv-heading8566_e7d9d5-ec[data-kb-block=\"kb-adv-heading8566_e7d9d5-ec\"]{padding-bottom:var(--global-kb-spacing-md, 2rem);text-align:center;font-style:normal;}.wp-block-kadence-advancedheading.kt-adv-heading8566_e7d9d5-ec mark.kt-highlight, .wp-block-kadence-advancedheading.kt-adv-heading8566_e7d9d5-ec[data-kb-block=\"kb-adv-heading8566_e7d9d5-ec\"] mark.kt-highlight{font-style:normal;color:#f76a0c;-webkit-box-decoration-break:clone;box-decoration-break:clone;padding-top:0px;padding-right:0px;padding-bottom:0px;padding-left:0px;}.wp-block-kadence-advancedheading.kt-adv-heading8566_e7d9d5-ec img.kb-inline-image, .wp-block-kadence-advancedheading.kt-adv-heading8566_e7d9d5-ec[data-kb-block=\"kb-adv-heading8566_e7d9d5-ec\"] img.kb-inline-image{width:150px;vertical-align:baseline;}<\/style>\n<h2 class=\"kt-adv-heading8566_e7d9d5-ec wp-block-kadence-advancedheading\" data-kb-block=\"kb-adv-heading8566_e7d9d5-ec\">Versandpolitik<\/h2>\n\n\n<style>.wp-block-kadence-advancedheading.kt-adv-heading8566_16ec7a-2c, .wp-block-kadence-advancedheading.kt-adv-heading8566_16ec7a-2c[data-kb-block=\"kb-adv-heading8566_16ec7a-2c\"]{font-style:normal;}.wp-block-kadence-advancedheading.kt-adv-heading8566_16ec7a-2c mark.kt-highlight, .wp-block-kadence-advancedheading.kt-adv-heading8566_16ec7a-2c[data-kb-block=\"kb-adv-heading8566_16ec7a-2c\"] mark.kt-highlight{font-style:normal;color:#f76a0c;-webkit-box-decoration-break:clone;box-decoration-break:clone;padding-top:0px;padding-right:0px;padding-bottom:0px;padding-left:0px;}.wp-block-kadence-advancedheading.kt-adv-heading8566_16ec7a-2c img.kb-inline-image, .wp-block-kadence-advancedheading.kt-adv-heading8566_16ec7a-2c[data-kb-block=\"kb-adv-heading8566_16ec7a-2c\"] img.kb-inline-image{width:150px;vertical-align:baseline;}<\/style>\n<h3 class=\"kt-adv-heading8566_16ec7a-2c wp-block-kadence-advancedheading\" data-kb-block=\"kb-adv-heading8566_16ec7a-2c\">Versand von<\/h3>\n\n\n\n<p>Bestellungen aus <strong>Nordamerika <\/strong>werden von unserem Lager in den USA aus versandt, um die schnellsten Lieferzeiten zu gew\u00e4hrleisten.<\/p>\n\n\n<style>.wp-block-kadence-advancedheading.kt-adv-heading8566_376492-d7, .wp-block-kadence-advancedheading.kt-adv-heading8566_376492-d7[data-kb-block=\"kb-adv-heading8566_376492-d7\"]{padding-bottom:var(--global-kb-spacing-sm, 1.5rem);font-style:normal;}.wp-block-kadence-advancedheading.kt-adv-heading8566_376492-d7 mark.kt-highlight, .wp-block-kadence-advancedheading.kt-adv-heading8566_376492-d7[data-kb-block=\"kb-adv-heading8566_376492-d7\"] mark.kt-highlight{font-style:normal;color:#f76a0c;-webkit-box-decoration-break:clone;box-decoration-break:clone;padding-top:0px;padding-right:0px;padding-bottom:0px;padding-left:0px;}.wp-block-kadence-advancedheading.kt-adv-heading8566_376492-d7 img.kb-inline-image, .wp-block-kadence-advancedheading.kt-adv-heading8566_376492-d7[data-kb-block=\"kb-adv-heading8566_376492-d7\"] img.kb-inline-image{width:150px;vertical-align:baseline;}<\/style>\n<p class=\"kt-adv-heading8566_376492-d7 wp-block-kadence-advancedheading\" data-kb-block=\"kb-adv-heading8566_376492-d7\">Bestellungen aus <strong>der EU, Gro\u00dfbritannien, Australien und Neuseeland <\/strong>werden von unserem Lager in China aus verschickt.<\/p>\n\n\n<style>.wp-block-kadence-advancedheading.kt-adv-heading8566_b01e06-13, .wp-block-kadence-advancedheading.kt-adv-heading8566_b01e06-13[data-kb-block=\"kb-adv-heading8566_b01e06-13\"]{font-style:normal;}.wp-block-kadence-advancedheading.kt-adv-heading8566_b01e06-13 mark.kt-highlight, .wp-block-kadence-advancedheading.kt-adv-heading8566_b01e06-13[data-kb-block=\"kb-adv-heading8566_b01e06-13\"] mark.kt-highlight{font-style:normal;color:#f76a0c;-webkit-box-decoration-break:clone;box-decoration-break:clone;padding-top:0px;padding-right:0px;padding-bottom:0px;padding-left:0px;}.wp-block-kadence-advancedheading.kt-adv-heading8566_b01e06-13 img.kb-inline-image, .wp-block-kadence-advancedheading.kt-adv-heading8566_b01e06-13[data-kb-block=\"kb-adv-heading8566_b01e06-13\"] img.kb-inline-image{width:150px;vertical-align:baseline;}<\/style>\n<h3 class=\"kt-adv-heading8566_b01e06-13 wp-block-kadence-advancedheading\" data-kb-block=\"kb-adv-heading8566_b01e06-13\">Standard Versandzeit<\/h3>\n\n\n\n<p>Der Versand nach <strong>Nordamerika<\/strong> kann etwa 4-5 Arbeitstage dauern.<\/p>\n\n\n<style>.wp-block-kadence-advancedheading.kt-adv-heading8566_52d364-08, .wp-block-kadence-advancedheading.kt-adv-heading8566_52d364-08[data-kb-block=\"kb-adv-heading8566_52d364-08\"]{padding-bottom:0px;font-style:normal;}.wp-block-kadence-advancedheading.kt-adv-heading8566_52d364-08 mark.kt-highlight, .wp-block-kadence-advancedheading.kt-adv-heading8566_52d364-08[data-kb-block=\"kb-adv-heading8566_52d364-08\"] mark.kt-highlight{font-style:normal;color:#f76a0c;-webkit-box-decoration-break:clone;box-decoration-break:clone;padding-top:0px;padding-right:0px;padding-bottom:0px;padding-left:0px;}.wp-block-kadence-advancedheading.kt-adv-heading8566_52d364-08 img.kb-inline-image, .wp-block-kadence-advancedheading.kt-adv-heading8566_52d364-08[data-kb-block=\"kb-adv-heading8566_52d364-08\"] img.kb-inline-image{width:150px;vertical-align:baseline;}<\/style>\n<p class=\"kt-adv-heading8566_52d364-08 wp-block-kadence-advancedheading\" data-kb-block=\"kb-adv-heading8566_52d364-08\">Der Versand in die <strong>EU, nach Gro\u00dfbritannien, Australien und Neuseeland<\/strong> kann etwa 6-10 Werktage dauern.<\/p>\n\n\n\n<p>Eine Standardbearbeitungszeit von bis zu 48 Stunden ist erforderlich, bevor die Bestellung verschickt wird.<\/p>\n\n\n<style>.wp-block-kadence-advancedheading.kt-adv-heading8566_8f26e1-0e, .wp-block-kadence-advancedheading.kt-adv-heading8566_8f26e1-0e[data-kb-block=\"kb-adv-heading8566_8f26e1-0e\"]{padding-bottom:var(--global-kb-spacing-sm, 1.5rem);font-style:normal;}.wp-block-kadence-advancedheading.kt-adv-heading8566_8f26e1-0e mark.kt-highlight, .wp-block-kadence-advancedheading.kt-adv-heading8566_8f26e1-0e[data-kb-block=\"kb-adv-heading8566_8f26e1-0e\"] mark.kt-highlight{font-style:normal;color:#f76a0c;-webkit-box-decoration-break:clone;box-decoration-break:clone;padding-top:0px;padding-right:0px;padding-bottom:0px;padding-left:0px;}.wp-block-kadence-advancedheading.kt-adv-heading8566_8f26e1-0e img.kb-inline-image, .wp-block-kadence-advancedheading.kt-adv-heading8566_8f26e1-0e[data-kb-block=\"kb-adv-heading8566_8f26e1-0e\"] img.kb-inline-image{width:150px;vertical-align:baseline;}<\/style>\n<p class=\"kt-adv-heading8566_8f26e1-0e wp-block-kadence-advancedheading\" data-kb-block=\"kb-adv-heading8566_8f26e1-0e\">W\u00e4hrend der Haupteinkaufszeiten, wie dem Schwarzen Freitag, Weihnachten und Neujahr, kann es sein, dass unser Spediteur eine \u00dcberlastung der Pakete und eine unzureichende Verf\u00fcgbarkeit von Fl\u00fcgen erlebt, wodurch sich Ihre Lieferung verz\u00f6gern kann. Wir sind stets bem\u00fcht, Ihnen Ihr Paket so schnell und sicher wie m\u00f6glich zuzustellen.<\/p>\n\n\n<style>.wp-block-kadence-advancedheading.kt-adv-heading8566_bd2405-0e, .wp-block-kadence-advancedheading.kt-adv-heading8566_bd2405-0e[data-kb-block=\"kb-adv-heading8566_bd2405-0e\"]{font-style:normal;}.wp-block-kadence-advancedheading.kt-adv-heading8566_bd2405-0e mark.kt-highlight, .wp-block-kadence-advancedheading.kt-adv-heading8566_bd2405-0e[data-kb-block=\"kb-adv-heading8566_bd2405-0e\"] mark.kt-highlight{font-style:normal;color:#f76a0c;-webkit-box-decoration-break:clone;box-decoration-break:clone;padding-top:0px;padding-right:0px;padding-bottom:0px;padding-left:0px;}.wp-block-kadence-advancedheading.kt-adv-heading8566_bd2405-0e img.kb-inline-image, .wp-block-kadence-advancedheading.kt-adv-heading8566_bd2405-0e[data-kb-block=\"kb-adv-heading8566_bd2405-0e\"] img.kb-inline-image{width:150px;vertical-align:baseline;}<\/style>\n<h3 class=\"kt-adv-heading8566_bd2405-0e wp-block-kadence-advancedheading\" data-kb-block=\"kb-adv-heading8566_bd2405-0e\">Kosten f\u00fcr den Versand<\/h3>\n\n\n<style>.wp-block-kadence-advancedheading.kt-adv-heading8566_c2a94e-33, .wp-block-kadence-advancedheading.kt-adv-heading8566_c2a94e-33[data-kb-block=\"kb-adv-heading8566_c2a94e-33\"]{padding-bottom:var(--global-kb-spacing-sm, 1.5rem);font-style:normal;}.wp-block-kadence-advancedheading.kt-adv-heading8566_c2a94e-33 mark.kt-highlight, .wp-block-kadence-advancedheading.kt-adv-heading8566_c2a94e-33[data-kb-block=\"kb-adv-heading8566_c2a94e-33\"] mark.kt-highlight{font-style:normal;color:#f76a0c;-webkit-box-decoration-break:clone;box-decoration-break:clone;padding-top:0px;padding-right:0px;padding-bottom:0px;padding-left:0px;}.wp-block-kadence-advancedheading.kt-adv-heading8566_c2a94e-33 img.kb-inline-image, .wp-block-kadence-advancedheading.kt-adv-heading8566_c2a94e-33[data-kb-block=\"kb-adv-heading8566_c2a94e-33\"] img.kb-inline-image{width:150px;vertical-align:baseline;}<\/style>\n<p class=\"kt-adv-heading8566_c2a94e-33 wp-block-kadence-advancedheading\" data-kb-block=\"kb-adv-heading8566_c2a94e-33\">Unser Standardversand ist weltweit f\u00fcr alle Bestellungen kostenlos. W\u00e4hrend des Black Friday, Weihnachten und Neujahr bieten wir Ihnen Expressversandoptionen wie DHL und UPS an. Die genauen Kosten f\u00fcr den Expressversand werden auf der Seite &#8222;Kasse&#8220; festgelegt.<\/p>\n\n\n<style>.wp-block-kadence-advancedheading.kt-adv-heading8566_7222d6-86, .wp-block-kadence-advancedheading.kt-adv-heading8566_7222d6-86[data-kb-block=\"kb-adv-heading8566_7222d6-86\"]{font-style:normal;}.wp-block-kadence-advancedheading.kt-adv-heading8566_7222d6-86 mark.kt-highlight, .wp-block-kadence-advancedheading.kt-adv-heading8566_7222d6-86[data-kb-block=\"kb-adv-heading8566_7222d6-86\"] mark.kt-highlight{font-style:normal;color:#f76a0c;-webkit-box-decoration-break:clone;box-decoration-break:clone;padding-top:0px;padding-right:0px;padding-bottom:0px;padding-left:0px;}.wp-block-kadence-advancedheading.kt-adv-heading8566_7222d6-86 img.kb-inline-image, .wp-block-kadence-advancedheading.kt-adv-heading8566_7222d6-86[data-kb-block=\"kb-adv-heading8566_7222d6-86\"] img.kb-inline-image{width:150px;vertical-align:baseline;}<\/style>\n<h3 class=\"kt-adv-heading8566_7222d6-86 wp-block-kadence-advancedheading\" data-kb-block=\"kb-adv-heading8566_7222d6-86\">Verfolgen Sie Ihre Bestellung<\/h3>\n\n\n<style>.wp-block-kadence-advancedheading.kt-adv-heading8566_2d283b-77, .wp-block-kadence-advancedheading.kt-adv-heading8566_2d283b-77[data-kb-block=\"kb-adv-heading8566_2d283b-77\"]{padding-bottom:var(--global-kb-spacing-sm, 1.5rem);font-style:normal;}.wp-block-kadence-advancedheading.kt-adv-heading8566_2d283b-77 mark.kt-highlight, .wp-block-kadence-advancedheading.kt-adv-heading8566_2d283b-77[data-kb-block=\"kb-adv-heading8566_2d283b-77\"] mark.kt-highlight{font-style:normal;color:#f76a0c;-webkit-box-decoration-break:clone;box-decoration-break:clone;padding-top:0px;padding-right:0px;padding-bottom:0px;padding-left:0px;}.wp-block-kadence-advancedheading.kt-adv-heading8566_2d283b-77 img.kb-inline-image, .wp-block-kadence-advancedheading.kt-adv-heading8566_2d283b-77[data-kb-block=\"kb-adv-heading8566_2d283b-77\"] img.kb-inline-image{width:150px;vertical-align:baseline;}<\/style>\n<p class=\"kt-adv-heading8566_2d283b-77 wp-block-kadence-advancedheading\" data-kb-block=\"kb-adv-heading8566_2d283b-77\">Ihre Sendungsverfolgungsnummer wird Ihnen sofort nach dem Versand Ihrer Bestellung per E-Mail zugeschickt. Sie k\u00f6nnen dem Link in der E-Mail folgen, um die voraussichtliche Ankunftszeit Ihrer Bestellung zu \u00fcberpr\u00fcfen. (Bitte beachten Sie, dass die Informationen zur Sendungsverfolgung m\u00f6glicherweise 1 Werktag nach Versand Ihrer Bestellung online aktualisiert werden).<\/p>\n\n\n<style>.wp-block-kadence-advancedheading.kt-adv-heading8566_a6f184-1e, .wp-block-kadence-advancedheading.kt-adv-heading8566_a6f184-1e[data-kb-block=\"kb-adv-heading8566_a6f184-1e\"]{font-style:normal;}.wp-block-kadence-advancedheading.kt-adv-heading8566_a6f184-1e mark.kt-highlight, .wp-block-kadence-advancedheading.kt-adv-heading8566_a6f184-1e[data-kb-block=\"kb-adv-heading8566_a6f184-1e\"] mark.kt-highlight{font-style:normal;color:#f76a0c;-webkit-box-decoration-break:clone;box-decoration-break:clone;padding-top:0px;padding-right:0px;padding-bottom:0px;padding-left:0px;}.wp-block-kadence-advancedheading.kt-adv-heading8566_a6f184-1e img.kb-inline-image, .wp-block-kadence-advancedheading.kt-adv-heading8566_a6f184-1e[data-kb-block=\"kb-adv-heading8566_a6f184-1e\"] img.kb-inline-image{width:150px;vertical-align:baseline;}<\/style>\n<h3 class=\"kt-adv-heading8566_a6f184-1e wp-block-kadence-advancedheading\" data-kb-block=\"kb-adv-heading8566_a6f184-1e\">Andere<\/h3>\n\n\n\n<p>Bitte vergewissern Sie sich, dass Sie eine g\u00fcltige E-Mail-Adresse, Telefonnummer und Lieferadresse angegeben haben, damit wir Sie kontaktieren k\u00f6nnen, falls wir Schwierigkeiten haben, Ihre Adresse zu finden oder eine Lieferung vorzunehmen.<\/p>\n\n\n<style>.wp-block-kadence-advancedheading.kt-adv-heading8566_cdd12f-d1, .wp-block-kadence-advancedheading.kt-adv-heading8566_cdd12f-d1[data-kb-block=\"kb-adv-heading8566_cdd12f-d1\"]{padding-bottom:var(--global-kb-spacing-sm, 1.5rem);font-style:normal;}.wp-block-kadence-advancedheading.kt-adv-heading8566_cdd12f-d1 mark.kt-highlight, .wp-block-kadence-advancedheading.kt-adv-heading8566_cdd12f-d1[data-kb-block=\"kb-adv-heading8566_cdd12f-d1\"] mark.kt-highlight{font-style:normal;color:#f76a0c;-webkit-box-decoration-break:clone;box-decoration-break:clone;padding-top:0px;padding-right:0px;padding-bottom:0px;padding-left:0px;}.wp-block-kadence-advancedheading.kt-adv-heading8566_cdd12f-d1 img.kb-inline-image, .wp-block-kadence-advancedheading.kt-adv-heading8566_cdd12f-d1[data-kb-block=\"kb-adv-heading8566_cdd12f-d1\"] img.kb-inline-image{width:150px;vertical-align:baseline;}<\/style>\n<p class=\"kt-adv-heading8566_cdd12f-d1 wp-block-kadence-advancedheading\" data-kb-block=\"kb-adv-heading8566_cdd12f-d1\">Sobald die Bestellung versandt wurde und das Paket das chinesische Festland verlassen hat, kann sie nicht mehr storniert werden.<\/p>\n\n\n<style>.wp-block-kadence-advancedheading.kt-adv-heading8566_cec0dd-e4, .wp-block-kadence-advancedheading.kt-adv-heading8566_cec0dd-e4[data-kb-block=\"kb-adv-heading8566_cec0dd-e4\"]{font-style:normal;}.wp-block-kadence-advancedheading.kt-adv-heading8566_cec0dd-e4 mark.kt-highlight, .wp-block-kadence-advancedheading.kt-adv-heading8566_cec0dd-e4[data-kb-block=\"kb-adv-heading8566_cec0dd-e4\"] mark.kt-highlight{font-style:normal;color:#f76a0c;-webkit-box-decoration-break:clone;box-decoration-break:clone;padding-top:0px;padding-right:0px;padding-bottom:0px;padding-left:0px;}.wp-block-kadence-advancedheading.kt-adv-heading8566_cec0dd-e4 img.kb-inline-image, .wp-block-kadence-advancedheading.kt-adv-heading8566_cec0dd-e4[data-kb-block=\"kb-adv-heading8566_cec0dd-e4\"] img.kb-inline-image{width:150px;vertical-align:baseline;}<\/style>\n<h3 class=\"kt-adv-heading8566_cec0dd-e4 wp-block-kadence-advancedheading\" data-kb-block=\"kb-adv-heading8566_cec0dd-e4\">Unterst\u00fctzen Sie<\/h3>\n\n\n\n<p>Bei Fragen zu Produkten wenden Sie sich bitte an den Kundendienst von GFO Gaming:<\/p>\n\n\n\n<p>+86-020-83527541 oder online unter: <a href=\"mailto:cs@gfogaming.com\">cs@gfogaming.com<\/a><\/p>\n<\/div><\/div>\n\n<\/div><\/div>","protected":false},"excerpt":{"rendered":"<p>Versandpolitik Versand von Bestellungen aus Nordamerika werden von unserem Lager in den USA aus versandt, um die schnellsten Lieferzeiten zu gew\u00e4hrleisten. Bestellungen aus der EU, Gro\u00dfbritannien, Australien und Neuseeland werden von unserem Lager in China aus verschickt. Standard Versandzeit Der Versand nach Nordamerika kann etwa 4-5 Arbeitstage dauern. Der Versand in die EU, nach Gro\u00dfbritannien, [&hellip;]<\/p>\n","protected":false},"author":1,"featured_media":0,"parent":0,"menu_order":0,"comment_status":"closed","ping_status":"closed","template":"template-fullwidth-no-heading.php","meta":{"bwfblock_default_font":"","_gspb_post_css":"","_kad_blocks_custom_css":"","_kad_blocks_head_custom_js":"","_kad_blocks_body_custom_js":"","_kad_blocks_footer_custom_js":"","footnotes":""},"class_list":["post-9417","page","type-page","status-publish","hentry"],"yoast_head":"<!-- This site is optimized with the Yoast SEO Premium plugin v26.8 (Yoast SEO v27.0) - https:\/\/yoast.com\/product\/yoast-seo-premium-wordpress\/ -->\n<title>Versandpolitik | GFOGAMING<\/title>\n<meta name=\"robots\" content=\"index, follow, max-snippet:-1, max-image-preview:large, max-video-preview:-1\" \/>\n<link rel=\"canonical\" href=\"https:\/\/www.gfogaming.com\/de\/versandpolitik\/\" \/>\n<script type=\"application\/ld+json\" class=\"yoast-schema-graph\">{\"@context\":\"https:\/\/schema.org\",\"@graph\":[{\"@type\":\"WebPage\",\"@id\":\"https:\/\/www.gfogaming.com\/de\/versandpolitik\/\",\"url\":\"https:\/\/www.gfogaming.com\/de\/versandpolitik\/\",\"name\":\"Versandpolitik | GFOGAMING\",\"isPartOf\":{\"@id\":\"https:\/\/www.gfogaming.com\/de\/#website\"},\"datePublished\":\"2024-03-15T05:53:07+00:00\",\"dateModified\":\"2024-05-21T09:06:50+00:00\",\"breadcrumb\":{\"@id\":\"https:\/\/www.gfogaming.com\/de\/versandpolitik\/#breadcrumb\"},\"inLanguage\":\"de\",\"potentialAction\":[{\"@type\":\"ReadAction\",\"target\":[\"https:\/\/www.gfogaming.com\/de\/versandpolitik\/\"]}]},{\"@type\":\"BreadcrumbList\",\"@id\":\"https:\/\/www.gfogaming.com\/de\/versandpolitik\/#breadcrumb\",\"itemListElement\":[{\"@type\":\"ListItem\",\"position\":1,\"name\":\"Home\",\"item\":\"https:\/\/www.gfogaming.com\/de\/\"},{\"@type\":\"ListItem\",\"position\":2,\"name\":\"Versandpolitik\"}]},{\"@type\":\"WebSite\",\"@id\":\"https:\/\/www.gfogaming.com\/de\/#website\",\"url\":\"https:\/\/www.gfogaming.com\/de\/\",\"name\":\"GFO Gaming\",\"description\":\"\",\"publisher\":{\"@id\":\"https:\/\/www.gfogaming.com\/de\/#organization\"},\"potentialAction\":[{\"@type\":\"SearchAction\",\"target\":{\"@type\":\"EntryPoint\",\"urlTemplate\":\"https:\/\/www.gfogaming.com\/de\/?s={search_term_string}\"},\"query-input\":{\"@type\":\"PropertyValueSpecification\",\"valueRequired\":true,\"valueName\":\"search_term_string\"}}],\"inLanguage\":\"de\"},{\"@type\":\"Organization\",\"@id\":\"https:\/\/www.gfogaming.com\/de\/#organization\",\"name\":\"GFOGAMING\",\"url\":\"https:\/\/www.gfogaming.com\/de\/\",\"logo\":{\"@type\":\"ImageObject\",\"inLanguage\":\"de\",\"@id\":\"https:\/\/www.gfogaming.com\/de\/#\/schema\/logo\/image\/\",\"url\":\"https:\/\/cdn.gfogaming.com\/wp-content\/uploads\/2023\/10\/04120106\/GFO-Logos-02.png\",\"contentUrl\":\"https:\/\/cdn.gfogaming.com\/wp-content\/uploads\/2023\/10\/04120106\/GFO-Logos-02.png\",\"width\":1276,\"height\":272,\"caption\":\"GFOGAMING\"},\"image\":{\"@id\":\"https:\/\/www.gfogaming.com\/de\/#\/schema\/logo\/image\/\"},\"sameAs\":[\"https:\/\/www.instagram.com\/gefunon_gaming\/\"]}]}<\/script>\n<!-- \/ Yoast SEO Premium plugin. -->","yoast_head_json":{"title":"Versandpolitik | GFOGAMING","robots":{"index":"index","follow":"follow","max-snippet":"max-snippet:-1","max-image-preview":"max-image-preview:large","max-video-preview":"max-video-preview:-1"},"canonical":"https:\/\/www.gfogaming.com\/de\/versandpolitik\/","schema":{"@context":"https:\/\/schema.org","@graph":[{"@type":"WebPage","@id":"https:\/\/www.gfogaming.com\/de\/versandpolitik\/","url":"https:\/\/www.gfogaming.com\/de\/versandpolitik\/","name":"Versandpolitik | GFOGAMING","isPartOf":{"@id":"https:\/\/www.gfogaming.com\/de\/#website"},"datePublished":"2024-03-15T05:53:07+00:00","dateModified":"2024-05-21T09:06:50+00:00","breadcrumb":{"@id":"https:\/\/www.gfogaming.com\/de\/versandpolitik\/#breadcrumb"},"inLanguage":"de","potentialAction":[{"@type":"ReadAction","target":["https:\/\/www.gfogaming.com\/de\/versandpolitik\/"]}]},{"@type":"BreadcrumbList","@id":"https:\/\/www.gfogaming.com\/de\/versandpolitik\/#breadcrumb","itemListElement":[{"@type":"ListItem","position":1,"name":"Home","item":"https:\/\/www.gfogaming.com\/de\/"},{"@type":"ListItem","position":2,"name":"Versandpolitik"}]},{"@type":"WebSite","@id":"https:\/\/www.gfogaming.com\/de\/#website","url":"https:\/\/www.gfogaming.com\/de\/","name":"GFO Gaming","description":"","publisher":{"@id":"https:\/\/www.gfogaming.com\/de\/#organization"},"potentialAction":[{"@type":"SearchAction","target":{"@type":"EntryPoint","urlTemplate":"https:\/\/www.gfogaming.com\/de\/?s={search_term_string}"},"query-input":{"@type":"PropertyValueSpecification","valueRequired":true,"valueName":"search_term_string"}}],"inLanguage":"de"},{"@type":"Organization","@id":"https:\/\/www.gfogaming.com\/de\/#organization","name":"GFOGAMING","url":"https:\/\/www.gfogaming.com\/de\/","logo":{"@type":"ImageObject","inLanguage":"de","@id":"https:\/\/www.gfogaming.com\/de\/#\/schema\/logo\/image\/","url":"https:\/\/cdn.gfogaming.com\/wp-content\/uploads\/2023\/10\/04120106\/GFO-Logos-02.png","contentUrl":"https:\/\/cdn.gfogaming.com\/wp-content\/uploads\/2023\/10\/04120106\/GFO-Logos-02.png","width":1276,"height":272,"caption":"GFOGAMING"},"image":{"@id":"https:\/\/www.gfogaming.com\/de\/#\/schema\/logo\/image\/"},"sameAs":["https:\/\/www.instagram.com\/gefunon_gaming\/"]}]}},"taxonomy_info":[],"featured_image_src_large":false,"author_info":{"display_name":"ming44025","author_link":"https:\/\/www.gfogaming.com\/de\/author\/ming44025\/"},"comment_info":0,"_links":{"self":[{"href":"https:\/\/www.gfogaming.com\/de\/wp-json\/wp\/v2\/pages\/9417","targetHints":{"allow":["GET"]}}],"collection":[{"href":"https:\/\/www.gfogaming.com\/de\/wp-json\/wp\/v2\/pages"}],"about":[{"href":"https:\/\/www.gfogaming.com\/de\/wp-json\/wp\/v2\/types\/page"}],"author":[{"embeddable":true,"href":"https:\/\/www.gfogaming.com\/de\/wp-json\/wp\/v2\/users\/1"}],"replies":[{"embeddable":true,"href":"https:\/\/www.gfogaming.com\/de\/wp-json\/wp\/v2\/comments?post=9417"}],"version-history":[{"count":0,"href":"https:\/\/www.gfogaming.com\/de\/wp-json\/wp\/v2\/pages\/9417\/revisions"}],"wp:attachment":[{"href":"https:\/\/www.gfogaming.com\/de\/wp-json\/wp\/v2\/media?parent=9417"}],"curies":[{"name":"wp","href":"https:\/\/api.w.org\/{rel}","templated":true}]}}