{"id":9399,"date":"2023-05-04T12:39:26","date_gmt":"2023-05-04T12:39:26","guid":{"rendered":"https:\/\/www.gfogaming.com\/hinweis-zum-datenschutz\/"},"modified":"2024-06-04T09:16:28","modified_gmt":"2024-06-04T09:16:28","slug":"hinweis-zum-datenschutz","status":"publish","type":"page","link":"https:\/\/www.gfogaming.com\/de\/hinweis-zum-datenschutz\/","title":{"rendered":"Datenschutzbestimmungen"},"content":{"rendered":"\n<p>(Aktualisiert: 03-Jun-2024)<\/p>\n\n<p>Durch die Nutzung unserer Website erkl\u00e4ren Sie (der Besucher) sich damit einverstanden, dass Dritte Ihre IP-Adresse verarbeiten, um Ihren Standort zum Zwecke der W\u00e4hrungsumrechnung zu bestimmen. Sie erkl\u00e4ren sich au\u00dferdem damit einverstanden, dass diese W\u00e4hrung in einem Session-Cookie in Ihrem Browser gespeichert wird (ein tempor\u00e4rer Cookie, der automatisch entfernt wird, wenn Sie Ihren Browser schlie\u00dfen). Wir tun dies, damit die ausgew\u00e4hlte W\u00e4hrung beim Besuch unserer Website ausgew\u00e4hlt und konsistent bleibt, damit die Preise in Ihre (des Besuchers) Landesw\u00e4hrung umgerechnet werden k\u00f6nnen.<\/p>\n\n<h3 class=\"wp-block-heading\" id=\"section-1-what-do-we-do-with-your-information\">ABSCHNITT 1 &#8211; WAS MACHEN WIR MIT IHREN DATEN?<\/h3>\n\n<p>Wenn Sie etwas in unserem Shop kaufen, erfassen wir als Teil des Kauf- und Verkaufsprozesses die pers\u00f6nlichen Daten, die Sie uns geben, wie Ihren Namen, Ihre Adresse und Ihre E-Mail-Adresse.<br\/>Wenn Sie in unserem Shop surfen, erhalten wir auch automatisch die Internetprotokolladresse (IP-Adresse) Ihres Computers, um uns Informationen \u00fcber Ihren Browser und Ihr Betriebssystem zu liefern.<br\/>E-Mail-Marketing (falls zutreffend): Mit Ihrer Erlaubnis k\u00f6nnen wir Ihnen E-Mails \u00fcber unser Gesch\u00e4ft, neue Produkte und andere Aktualisierungen schicken.<\/p>\n\n<h3 class=\"wp-block-heading\" id=\"section-2-consent\">ABSCHNITT 2 &#8211; ZUSTIMMUNG<\/h3>\n\n<p>Wie erhalten Sie meine Zustimmung?<\/p>\n\n<p>Wenn Sie uns personenbezogene Daten zur Verf\u00fcgung stellen, um eine Transaktion abzuschlie\u00dfen, Ihre Kreditkarte zu verifizieren, eine Bestellung aufzugeben, eine Lieferung zu veranlassen oder einen Kauf zur\u00fcckzusenden, bedeutet dies, dass Sie damit einverstanden sind, dass wir diese Daten sammeln und nur f\u00fcr diesen speziellen Zweck verwenden.<br\/>Wenn wir Sie aus einem sekund\u00e4ren Grund, wie z.B. Marketing, um Ihre pers\u00f6nlichen Daten bitten, werden wir Sie entweder direkt um Ihre ausdr\u00fcckliche Zustimmung bitten oder Ihnen die M\u00f6glichkeit geben, dies abzulehnen.<\/p>\n\n<p>Wie kann ich meine Zustimmung zur\u00fcckziehen?<\/p>\n\n<p>Wenn Sie nach Ihrer Zustimmung Ihre Meinung \u00e4ndern, k\u00f6nnen Sie Ihre Zustimmung zur weiteren Erfassung, Verwendung oder Weitergabe Ihrer Daten jederzeit widerrufen, indem Sie uns unter cs@mouldkingcorp.com kontaktieren oder Ihre Zustimmung \u00fcber unser Zustimmungs-Popup verwalten.<\/p>\n\n<div class=\"wp-block-greenshift-blocks-container gspb_container gspb_container-gsbp-6f8a82f\" id=\"gspb_container-id-gsbp-6f8a82f\"><style>.wp-block-kadence-advancedheading.kt-adv-heading3_e4f9f8-3a, .wp-block-kadence-advancedheading.kt-adv-heading3_e4f9f8-3a[data-kb-block=\"kb-adv-heading3_e4f9f8-3a\"]{display:block;font-size:16px;font-weight:400;font-style:normal;font-family:Jost;}.wp-block-kadence-advancedheading.kt-adv-heading3_e4f9f8-3a mark.kt-highlight, .wp-block-kadence-advancedheading.kt-adv-heading3_e4f9f8-3a[data-kb-block=\"kb-adv-heading3_e4f9f8-3a\"] mark.kt-highlight{font-style:normal;color:#f76a0c;-webkit-box-decoration-break:clone;box-decoration-break:clone;padding-top:0px;padding-right:0px;padding-bottom:0px;padding-left:0px;}.wp-block-kadence-advancedheading.kt-adv-heading3_e4f9f8-3a img.kb-inline-image, .wp-block-kadence-advancedheading.kt-adv-heading3_e4f9f8-3a[data-kb-block=\"kb-adv-heading3_e4f9f8-3a\"] img.kb-inline-image{width:150px;vertical-align:baseline;}<\/style>\n<span class=\"kt-adv-heading3_e4f9f8-3a wp-block-kadence-advancedheading has-white-color has-text-color\" data-kb-block=\"kb-adv-heading3_e4f9f8-3a\">[cm_options]Open Consent Options[\/cm_options]<\/span>\n<\/div>\n\n<h3 class=\"wp-block-heading\" id=\"section-3-disclosure\">ABSCHNITT 3 &#8211; OFFENLEGUNG<\/h3>\n\n<p>Wir k\u00f6nnen Ihre pers\u00f6nlichen Daten weitergeben, wenn wir gesetzlich dazu verpflichtet sind oder wenn Sie gegen unsere <a href=\"https:\/\/www.gfogaming.com\/de\/nutzungsbedingungen\/\">Nutzungsbedingungen<\/a> versto\u00dfen.<\/p>\n\n<h3 class=\"wp-block-heading\" id=\"section-4-woocommerce\">ABSCHNITT 4 &#8211; WOOCOMMERCE<\/h3>\n\n<p>Unser Shop wird auf der Akamai Cloud gehostet und von WooCommerce betrieben. WooCommerce stellt uns die Online-E-Commerce-Plattform zur Verf\u00fcgung, die es uns erm\u00f6glicht, Ihnen unsere Produkte und Dienstleistungen zu verkaufen. Ihre Daten werden in den Datenspeichern von WooCommerce, in den Datenbanken und in der allgemeinen WooCommerce-Anwendung gespeichert. Wir speichern Ihre Daten auf einem sicheren Server hinter einer Firewall.<\/p>\n\n<p>Bezahlung:<br\/>Wenn Sie PayPal als Zahlungsmethode w\u00e4hlen, um Ihren Kauf abzuschlie\u00dfen, verarbeitet PayPal Ihre Zahlungsinformationen. Wir speichern Ihre Kreditkartendaten nicht auf unseren Servern. PayPal verschl\u00fcsselt Ihre Zahlungsinformationen \u00fcber branchen\u00fcbliche Sicherheitsprotokolle. Die Daten Ihrer Kauftransaktion werden von PayPal nur so lange gespeichert, wie es f\u00fcr die Abwicklung Ihrer Kauftransaktion erforderlich ist. Nachdem dies geschehen ist, werden Ihre Kaufdaten aus unseren Systemen gel\u00f6scht.<br\/>PayPal h\u00e4lt sich an den Payment Card Industry Data Security Standard (PCI-DSS) und alle relevanten Vorschriften, um den sicheren Umgang mit Zahlungsinformationen zu gew\u00e4hrleisten.<br\/>Weitere Informationen finden Sie auch in den Datenschutzbestimmungen von PayPal<a href=\"https:\/\/www.paypal.com\/us\/webapps\/mpp\/ua\/privacy-full\">(https:\/\/www.paypal.com\/us\/webapps\/mpp\/ua\/privacy-full)<\/a>.<\/p>\n\n<h3 class=\"wp-block-heading\" id=\"section-5-third-party-services\">ABSCHNITT 5 &#8211; DIENSTLEISTUNGEN DRITTER<\/h3>\n\n<p>Im Allgemeinen werden die von uns eingesetzten Drittanbieter Ihre Daten nur in dem Ma\u00dfe erfassen, verwenden und weitergeben, wie es notwendig ist, damit sie die von ihnen f\u00fcr uns erbrachten Dienstleistungen erbringen k\u00f6nnen.<br\/>Bestimmte Drittanbieter, wie z.B. Zahlungs-Gateways und andere Zahlungsverkehrsabwickler, haben jedoch ihre eigenen Datenschutzrichtlinien in Bezug auf die Informationen, die wir ihnen f\u00fcr Ihre kaufbezogenen Transaktionen zur Verf\u00fcgung stellen m\u00fcssen.<br\/>Bei diesen Anbietern empfehlen wir Ihnen, deren Datenschutzrichtlinien zu lesen, damit Sie verstehen, wie Ihre pers\u00f6nlichen Daten von diesen Anbietern behandelt werden.<br\/>Denken Sie insbesondere daran, dass bestimmte Anbieter in einem anderen Land als Sie oder wir ans\u00e4ssig sind oder \u00fcber Einrichtungen verf\u00fcgen, die sich in einem anderen Land befinden. Wenn Sie sich also daf\u00fcr entscheiden, eine Transaktion durchzuf\u00fchren, die die Dienste eines Drittanbieters in Anspruch nimmt, k\u00f6nnen Ihre Daten den Gesetzen der Gerichtsbarkeit(en) unterliegen, in der sich dieser Anbieter oder seine Einrichtungen befinden.<br\/>Wenn Sie beispielsweise in Kanada ans\u00e4ssig sind und Ihre Transaktion \u00fcber ein Zahlungs-Gateway in den Vereinigten Staaten abgewickelt wird, k\u00f6nnen Ihre pers\u00f6nlichen Daten, die bei der Abwicklung dieser Transaktion verwendet werden, gem\u00e4\u00df der Gesetzgebung der Vereinigten Staaten, einschlie\u00dflich des Patriot Act, offengelegt werden.<br\/>Sobald Sie die Website unseres Shops verlassen oder auf eine Website oder Anwendung eines Drittanbieters weitergeleitet werden, unterliegen Sie nicht mehr dieser Datenschutzrichtlinie oder den Nutzungsbedingungen unserer Website.<\/p>\n\n<p>Links<br\/>Wenn Sie auf Links in unserem Shop klicken, k\u00f6nnen diese Sie von unserer Website wegf\u00fchren. Wir sind nicht verantwortlich f\u00fcr die Datenschutzpraktiken anderer Websites und empfehlen Ihnen, deren Datenschutzerkl\u00e4rungen zu lesen.<\/p>\n\n<h3 class=\"wp-block-heading\" id=\"section-6-security\">ABSCHNITT 6 &#8211; SICHERHEIT<\/h3>\n\n<p>Um Ihre pers\u00f6nlichen Daten zu sch\u00fctzen, ergreifen wir angemessene Vorsichtsma\u00dfnahmen und befolgen die besten Praktiken der Branche, um sicherzustellen, dass sie nicht in unangemessener Weise verloren gehen, missbraucht, aufgerufen, weitergegeben, ver\u00e4ndert oder zerst\u00f6rt werden.<br\/>Wenn Sie uns Ihre Kreditkartendaten zur Verf\u00fcgung stellen, werden die Daten mit der Secure Socket Layer-Technologie (SSL) verschl\u00fcsselt und mit einer AES-256-Verschl\u00fcsselung gespeichert. Obwohl keine Methode der \u00dcbertragung \u00fcber das Internet oder der elektronischen Speicherung 100% sicher ist, befolgen wir alle PCI-DSS-Anforderungen und setzen weitere allgemein anerkannte Industriestandards um.<\/p>\n\n<h3 class=\"wp-block-heading\" id=\"section-7-cookies\">ABSCHNITT 7 &#8211; COOKIES<\/h3>\n\n<p>Wenn Sie mehr dar\u00fcber erfahren m\u00f6chten, wie wir diese Technologien verwenden und welche M\u00f6glichkeiten Sie in Bezug auf diese Tracking-Technologien haben, lesen Sie bitte unsere <a href=\"https:\/\/www.gfogaming.com\/de\/cookie-richtlinie\/\">Cookie-Richtlinie<\/a>.<\/p>\n\n<h3 class=\"wp-block-heading\" id=\"section-8-age-of-consent\">ABSCHNITT 8 &#8211; ALTER DER M\u00dcNDIGKEIT<\/h3>\n\n<p>Durch die Nutzung dieser Website erkl\u00e4ren Sie, dass Sie in dem Land, in dem Sie Ihren Wohnsitz haben, mindestens vollj\u00e4hrig sind, oder dass Sie in dem Land, in dem Sie Ihren Wohnsitz haben, vollj\u00e4hrig sind und uns Ihr Einverst\u00e4ndnis gegeben haben, dass Ihre minderj\u00e4hrigen Angeh\u00f6rigen diese Website nutzen d\u00fcrfen.<\/p>\n\n<h3 class=\"wp-block-heading\" id=\"section-9-changes-to-this-privacy-policy\">ABSCHNITT 9 &#8211; \u00c4NDERUNGEN AN DIESER DATENSCHUTZRICHTLINIE<\/h3>\n\n<p>Wir behalten uns das Recht vor, diese Datenschutzrichtlinie jederzeit zu \u00e4ndern, daher sollten Sie sie regelm\u00e4\u00dfig \u00fcberpr\u00fcfen. \u00c4nderungen und Klarstellungen treten unmittelbar nach ihrer Ver\u00f6ffentlichung auf der Website in Kraft. Wenn wir wesentliche \u00c4nderungen an dieser Richtlinie vornehmen, werden wir Sie an dieser Stelle \u00fcber die Aktualisierung informieren, damit Sie wissen, welche Informationen wir sammeln, wie wir sie verwenden und unter welchen Umst\u00e4nden wir sie gegebenenfalls verwenden und\/oder weitergeben.<br\/>Wenn unser Shop von einem anderen Unternehmen \u00fcbernommen oder mit diesem fusioniert wird, k\u00f6nnen Ihre Daten an den neuen Eigent\u00fcmer \u00fcbertragen werden, damit wir Ihnen weiterhin Produkte verkaufen k\u00f6nnen.<\/p>\n\n<h3 class=\"wp-block-heading\" id=\"section-10-allow-third-parties-to-process-your-ip-address-for-the-purpose-of-currency-conversion\">Abschnitt 10 &#8211; ERM\u00d6GLICHEN SIE DRITTEN, IHRE IP-ADRESSE ZUM ZWECK DER W\u00c4HRUNGSUMRECHNUNG ZU VERARBEITEN<\/h3>\n\n<p>Durch die Nutzung unserer Website erkl\u00e4ren Sie (der Besucher) sich damit einverstanden, dass Dritte Ihre IP-Adresse verarbeiten, um Ihren Standort zum Zwecke der W\u00e4hrungsumrechnung zu bestimmen. Sie erkl\u00e4ren sich au\u00dferdem damit einverstanden, dass diese W\u00e4hrung in einem Session-Cookie in Ihrem Browser gespeichert wird (ein tempor\u00e4rer Cookie, der automatisch entfernt wird, wenn Sie Ihren Browser schlie\u00dfen). Wir tun dies, damit die ausgew\u00e4hlte W\u00e4hrung beim Besuch unserer Website ausgew\u00e4hlt und konsistent bleibt, damit die Preise in Ihre (des Besuchers) Landesw\u00e4hrung umgerechnet werden k\u00f6nnen.<\/p>\n\n<p><\/p>\n\n<h3 class=\"wp-block-heading has--font-size\" id=\"enhanced-conversions-with-google-ads\">Verbesserte Konversionen mit Google Ads<\/h3>\n\n<p><strong>Erhebung und Verwendung von Daten:<\/strong><\/p>\n\n<p>Wenn Sie einen Kauf t\u00e4tigen oder eine Aktion auf unserer Website ausf\u00fchren, k\u00f6nnen wir bestimmte personenbezogene Daten erfassen und an Google weitergeben, um die Wirksamkeit unserer Werbekampagnen besser zu verstehen und Ihnen relevantere Werbung zu pr\u00e4sentieren. Dieser Prozess wird als Enhanced Conversions mit Google Ads bezeichnet.<\/p>\n\n<p>Zu den Daten, die wir weitergeben, k\u00f6nnen geh\u00f6ren:<\/p>\n\n<ul class=\"wp-block-list\">\n<li>E-Mail-Adressen<\/li>\n\n\n\n<li>Telefonnummern<\/li>\n\n\n\n<li>Adressen<\/li>\n\n\n\n<li>Details zum Kauf<\/li>\n<\/ul>\n\n<p>Die gemeinsam genutzten Daten werden verschl\u00fcsselt und von Google verwendet, um Ihre Interaktionen mit unserem Online-Shop den Anzeigen zuzuordnen, die Sie m\u00f6glicherweise gesehen oder mit denen Sie interagiert haben. Dies hilft uns, unsere Werbestrategien zu verstehen und zu verbessern.<\/p>\n\n<p>Google kann diese Daten verwenden, um die Ihnen im gesamten Werbenetzwerk angezeigten Anzeigen zu verfeinern und sicherzustellen, dass sie Ihren Vorlieben und Ihrem Online-Verhalten besser entsprechen.<\/p>\n\n<p><strong>Schutz und Sicherheit von Daten:<\/strong><\/p>\n\n<p>Die \u00fcber Enhanced Conversions an Google weitergegebenen Daten werden gehasht (oder verschl\u00fcsselt), um Ihre Privatsph\u00e4re zu sch\u00fctzen. Das bedeutet, dass die eigentlichen Daten (wie Ihre E-Mail-Adresse) in eine Zeichenkette umgewandelt werden, so dass es fast unm\u00f6glich ist, sie in ihre urspr\u00fcngliche Form zur\u00fcckzubringen. Google gleicht diese gehashten Daten mit seinen eigenen Datens\u00e4tzen ab, um die Relevanz der Online-Anzeigen, die Sie sehen, zu verbessern.<\/p>\n\n<p>Wir geben keine pers\u00f6nlichen Rohdaten an Google weiter, und die gehashten Daten werden nicht verwendet, um Sie pers\u00f6nlich zu identifizieren.<\/p>\n\n<p><strong>Ihre Wahlm\u00f6glichkeiten und Opt-Out:<\/strong><\/p>\n\n<p>Wenn Sie Enhanced Conversions ablehnen und verhindern m\u00f6chten, dass Ihre Daten auf diese Weise verwendet werden, k\u00f6nnen Sie Ihre Einstellungen in Ihren Google Ads-Einstellungen anpassen oder Tools wie das Google Analytics Opt-out Browser Add-on verwenden.<\/p>\n\n<p>Weitere Informationen dar\u00fcber, wie Google Daten verwendet, wenn Sie unsere Website nutzen und\/oder mit Google Ads in Kontakt treten, finden Sie in den Datenschutzbestimmungen von Google.<\/p>\n\n<h3 class=\"wp-block-heading\" id=\"questions-and-contact-information\"><strong>FRAGEN UND KONTAKTINFORMATIONEN<\/strong><\/h3>\n\n<p>Wenn Sie Fragen oder Bedenken bez\u00fcglich der Verarbeitung Ihrer bei uns vorhandenen Daten haben, k\u00f6nnen Sie eine E-Mail an unseren Beschwerdebeauftragten unter Guangzhou Duli Electronic Products Co., Ltd, Room 603, No.123 Jiefangnan Road, Yuexiu District, Guangzhou, 510000, Guangdong Province, China, E-Mail: cs@gfogaming.com. Wir werden Ihre Bedenken in \u00dcbereinstimmung mit dem geltenden Recht behandeln.<\/p>\n","protected":false},"excerpt":{"rendered":"<p>(Aktualisiert: 03-Jun-2024) Durch die Nutzung unserer Website erkl\u00e4ren Sie (der Besucher) sich damit einverstanden, dass Dritte Ihre IP-Adresse verarbeiten, um Ihren Standort zum Zwecke der W\u00e4hrungsumrechnung zu bestimmen. Sie erkl\u00e4ren sich au\u00dferdem damit einverstanden, dass diese W\u00e4hrung in einem Session-Cookie in Ihrem Browser gespeichert wird (ein tempor\u00e4rer Cookie, der automatisch entfernt wird, wenn Sie Ihren [&hellip;]<\/p>\n","protected":false},"author":1,"featured_media":0,"parent":0,"menu_order":0,"comment_status":"closed","ping_status":"closed","template":"template-fullwidth.php","meta":{"bwfblock_default_font":"","_gspb_post_css":".gspb_container-id-gsbp-6f8a82f{flex-direction:column;box-sizing:border-box}#gspb_container-id-gsbp-6f8a82f.gspb_container>p:last-of-type{margin-bottom:0}.gspb_container{position:relative}#gspb_container-id-gsbp-6f8a82f.gspb_container,#gspb_container-id-gsbp-6f8a82f.gspb_container .wp-block a,#gspb_container-id-gsbp-6f8a82f.gspb_container .wp-block a:hover,#gspb_container-id-gsbp-6f8a82f.gspb_container a,#gspb_container-id-gsbp-6f8a82f.gspb_container a:hover,#gspb_container-id-gsbp-6f8a82f.gspb_container:hover{color:var(--wp--preset--color--white, #ffffff)}#gspb_container-id-gsbp-6f8a82f.gspb_container{margin-bottom:20px;padding:5px 10px;background-color:#f0f0f0}body.gspb-bodyfront #gspb_container-id-gsbp-6f8a82f.gspb_container{max-width:180px}","_kad_blocks_custom_css":"","_kad_blocks_head_custom_js":"","_kad_blocks_body_custom_js":"","_kad_blocks_footer_custom_js":"","footnotes":""},"class_list":["post-9399","page","type-page","status-publish","hentry"],"yoast_head":"<!-- This site is optimized with the Yoast SEO Premium plugin v26.8 (Yoast SEO v27.0) - https:\/\/yoast.com\/product\/yoast-seo-premium-wordpress\/ -->\n<title>Datenschutzbestimmungen | GFOGAMING<\/title>\n<meta name=\"robots\" content=\"index, follow, max-snippet:-1, max-image-preview:large, max-video-preview:-1\" \/>\n<link rel=\"canonical\" href=\"https:\/\/www.gfogaming.com\/de\/hinweis-zum-datenschutz\/\" \/>\n<script type=\"application\/ld+json\" class=\"yoast-schema-graph\">{\"@context\":\"https:\/\/schema.org\",\"@graph\":[{\"@type\":\"WebPage\",\"@id\":\"https:\/\/www.gfogaming.com\/de\/hinweis-zum-datenschutz\/\",\"url\":\"https:\/\/www.gfogaming.com\/de\/hinweis-zum-datenschutz\/\",\"name\":\"Datenschutzbestimmungen | GFOGAMING\",\"isPartOf\":{\"@id\":\"https:\/\/www.gfogaming.com\/de\/#website\"},\"datePublished\":\"2023-05-04T12:39:26+00:00\",\"dateModified\":\"2024-06-04T09:16:28+00:00\",\"breadcrumb\":{\"@id\":\"https:\/\/www.gfogaming.com\/de\/hinweis-zum-datenschutz\/#breadcrumb\"},\"inLanguage\":\"de\",\"potentialAction\":[{\"@type\":\"ReadAction\",\"target\":[\"https:\/\/www.gfogaming.com\/de\/hinweis-zum-datenschutz\/\"]}]},{\"@type\":\"BreadcrumbList\",\"@id\":\"https:\/\/www.gfogaming.com\/de\/hinweis-zum-datenschutz\/#breadcrumb\",\"itemListElement\":[{\"@type\":\"ListItem\",\"position\":1,\"name\":\"Home\",\"item\":\"https:\/\/www.gfogaming.com\/de\/\"},{\"@type\":\"ListItem\",\"position\":2,\"name\":\"Datenschutzbestimmungen\"}]},{\"@type\":\"WebSite\",\"@id\":\"https:\/\/www.gfogaming.com\/de\/#website\",\"url\":\"https:\/\/www.gfogaming.com\/de\/\",\"name\":\"GFO Gaming\",\"description\":\"\",\"publisher\":{\"@id\":\"https:\/\/www.gfogaming.com\/de\/#organization\"},\"potentialAction\":[{\"@type\":\"SearchAction\",\"target\":{\"@type\":\"EntryPoint\",\"urlTemplate\":\"https:\/\/www.gfogaming.com\/de\/?s={search_term_string}\"},\"query-input\":{\"@type\":\"PropertyValueSpecification\",\"valueRequired\":true,\"valueName\":\"search_term_string\"}}],\"inLanguage\":\"de\"},{\"@type\":\"Organization\",\"@id\":\"https:\/\/www.gfogaming.com\/de\/#organization\",\"name\":\"GFOGAMING\",\"url\":\"https:\/\/www.gfogaming.com\/de\/\",\"logo\":{\"@type\":\"ImageObject\",\"inLanguage\":\"de\",\"@id\":\"https:\/\/www.gfogaming.com\/de\/#\/schema\/logo\/image\/\",\"url\":\"https:\/\/cdn.gfogaming.com\/wp-content\/uploads\/2023\/10\/04120106\/GFO-Logos-02.png\",\"contentUrl\":\"https:\/\/cdn.gfogaming.com\/wp-content\/uploads\/2023\/10\/04120106\/GFO-Logos-02.png\",\"width\":1276,\"height\":272,\"caption\":\"GFOGAMING\"},\"image\":{\"@id\":\"https:\/\/www.gfogaming.com\/de\/#\/schema\/logo\/image\/\"},\"sameAs\":[\"https:\/\/www.instagram.com\/gefunon_gaming\/\"]}]}<\/script>\n<!-- \/ Yoast SEO Premium plugin. -->","yoast_head_json":{"title":"Datenschutzbestimmungen | GFOGAMING","robots":{"index":"index","follow":"follow","max-snippet":"max-snippet:-1","max-image-preview":"max-image-preview:large","max-video-preview":"max-video-preview:-1"},"canonical":"https:\/\/www.gfogaming.com\/de\/hinweis-zum-datenschutz\/","schema":{"@context":"https:\/\/schema.org","@graph":[{"@type":"WebPage","@id":"https:\/\/www.gfogaming.com\/de\/hinweis-zum-datenschutz\/","url":"https:\/\/www.gfogaming.com\/de\/hinweis-zum-datenschutz\/","name":"Datenschutzbestimmungen | GFOGAMING","isPartOf":{"@id":"https:\/\/www.gfogaming.com\/de\/#website"},"datePublished":"2023-05-04T12:39:26+00:00","dateModified":"2024-06-04T09:16:28+00:00","breadcrumb":{"@id":"https:\/\/www.gfogaming.com\/de\/hinweis-zum-datenschutz\/#breadcrumb"},"inLanguage":"de","potentialAction":[{"@type":"ReadAction","target":["https:\/\/www.gfogaming.com\/de\/hinweis-zum-datenschutz\/"]}]},{"@type":"BreadcrumbList","@id":"https:\/\/www.gfogaming.com\/de\/hinweis-zum-datenschutz\/#breadcrumb","itemListElement":[{"@type":"ListItem","position":1,"name":"Home","item":"https:\/\/www.gfogaming.com\/de\/"},{"@type":"ListItem","position":2,"name":"Datenschutzbestimmungen"}]},{"@type":"WebSite","@id":"https:\/\/www.gfogaming.com\/de\/#website","url":"https:\/\/www.gfogaming.com\/de\/","name":"GFO Gaming","description":"","publisher":{"@id":"https:\/\/www.gfogaming.com\/de\/#organization"},"potentialAction":[{"@type":"SearchAction","target":{"@type":"EntryPoint","urlTemplate":"https:\/\/www.gfogaming.com\/de\/?s={search_term_string}"},"query-input":{"@type":"PropertyValueSpecification","valueRequired":true,"valueName":"search_term_string"}}],"inLanguage":"de"},{"@type":"Organization","@id":"https:\/\/www.gfogaming.com\/de\/#organization","name":"GFOGAMING","url":"https:\/\/www.gfogaming.com\/de\/","logo":{"@type":"ImageObject","inLanguage":"de","@id":"https:\/\/www.gfogaming.com\/de\/#\/schema\/logo\/image\/","url":"https:\/\/cdn.gfogaming.com\/wp-content\/uploads\/2023\/10\/04120106\/GFO-Logos-02.png","contentUrl":"https:\/\/cdn.gfogaming.com\/wp-content\/uploads\/2023\/10\/04120106\/GFO-Logos-02.png","width":1276,"height":272,"caption":"GFOGAMING"},"image":{"@id":"https:\/\/www.gfogaming.com\/de\/#\/schema\/logo\/image\/"},"sameAs":["https:\/\/www.instagram.com\/gefunon_gaming\/"]}]}},"taxonomy_info":[],"featured_image_src_large":false,"author_info":{"display_name":"ming44025","author_link":"https:\/\/www.gfogaming.com\/de\/author\/ming44025\/"},"comment_info":0,"_links":{"self":[{"href":"https:\/\/www.gfogaming.com\/de\/wp-json\/wp\/v2\/pages\/9399","targetHints":{"allow":["GET"]}}],"collection":[{"href":"https:\/\/www.gfogaming.com\/de\/wp-json\/wp\/v2\/pages"}],"about":[{"href":"https:\/\/www.gfogaming.com\/de\/wp-json\/wp\/v2\/types\/page"}],"author":[{"embeddable":true,"href":"https:\/\/www.gfogaming.com\/de\/wp-json\/wp\/v2\/users\/1"}],"replies":[{"embeddable":true,"href":"https:\/\/www.gfogaming.com\/de\/wp-json\/wp\/v2\/comments?post=9399"}],"version-history":[{"count":0,"href":"https:\/\/www.gfogaming.com\/de\/wp-json\/wp\/v2\/pages\/9399\/revisions"}],"wp:attachment":[{"href":"https:\/\/www.gfogaming.com\/de\/wp-json\/wp\/v2\/media?parent=9399"}],"curies":[{"name":"wp","href":"https:\/\/api.w.org\/{rel}","templated":true}]}}