{"id":9398,"date":"2024-03-15T05:50:18","date_gmt":"2024-03-15T05:50:18","guid":{"rendered":"https:\/\/www.gfogaming.com\/30-tage-problemlose-rueckgabe\/"},"modified":"2024-05-21T09:06:03","modified_gmt":"2024-05-21T09:06:03","slug":"30-tage-problemlose-rueckgabe","status":"publish","type":"page","link":"https:\/\/www.gfogaming.com\/de\/30-tage-problemlose-rueckgabe\/","title":{"rendered":"30 Tage problemlose R\u00fcckgabe"},"content":{"rendered":"<style>.kb-row-layout-id14_2957b7-f9 > .kt-row-column-wrap{align-content:start;}:where(.kb-row-layout-id14_2957b7-f9 > .kt-row-column-wrap) > .wp-block-kadence-column{justify-content:start;}.kb-row-layout-id14_2957b7-f9 > .kt-row-column-wrap{column-gap:var(--global-kb-gap-md, 2rem);row-gap:var(--global-kb-gap-md, 2rem);padding-top:3%;padding-bottom:3%;grid-template-columns:minmax(0, 1fr);}.kb-row-layout-id14_2957b7-f9 > .kt-row-layout-overlay{opacity:0.30;}@media all and (max-width: 1024px){.kb-row-layout-id14_2957b7-f9 > .kt-row-column-wrap{grid-template-columns:minmax(0, 1fr);}}@media all and (max-width: 767px){.kb-row-layout-id14_2957b7-f9 > .kt-row-column-wrap{padding-top:8%;grid-template-columns:minmax(0, 1fr);}}<\/style><div class=\"kb-row-layout-wrap kb-row-layout-id14_2957b7-f9 alignnone wp-block-kadence-rowlayout\"><div class=\"kt-row-column-wrap kt-has-1-columns kt-row-layout-equal kt-tab-layout-inherit kt-mobile-layout-row kt-row-valign-top\">\n<style>.kadence-column14_559d96-d7 > .kt-inside-inner-col,.kadence-column14_559d96-d7 > .kt-inside-inner-col:before{border-top-left-radius:0px;border-top-right-radius:0px;border-bottom-right-radius:0px;border-bottom-left-radius:0px;}.kadence-column14_559d96-d7 > .kt-inside-inner-col{column-gap:var(--global-kb-gap-sm, 1rem);}.kadence-column14_559d96-d7 > .kt-inside-inner-col{flex-direction:column;}.kadence-column14_559d96-d7 > .kt-inside-inner-col > .aligncenter{width:100%;}.kadence-column14_559d96-d7 > .kt-inside-inner-col:before{opacity:0.3;}.kadence-column14_559d96-d7{position:relative;}@media all and (max-width: 1024px){.kadence-column14_559d96-d7 > .kt-inside-inner-col{flex-direction:column;justify-content:center;}}@media all and (max-width: 767px){.kadence-column14_559d96-d7 > .kt-inside-inner-col{flex-direction:column;justify-content:center;}}<\/style>\n<div class=\"wp-block-kadence-column kadence-column14_559d96-d7\"><div class=\"kt-inside-inner-col\"><style>.wp-block-kadence-advancedheading.kt-adv-heading14_41bc01-9c, .wp-block-kadence-advancedheading.kt-adv-heading14_41bc01-9c[data-kb-block=\"kb-adv-heading14_41bc01-9c\"]{font-style:normal;}.wp-block-kadence-advancedheading.kt-adv-heading14_41bc01-9c mark.kt-highlight, .wp-block-kadence-advancedheading.kt-adv-heading14_41bc01-9c[data-kb-block=\"kb-adv-heading14_41bc01-9c\"] mark.kt-highlight{font-style:normal;color:#f76a0c;-webkit-box-decoration-break:clone;box-decoration-break:clone;padding-top:0px;padding-right:0px;padding-bottom:0px;padding-left:0px;}.wp-block-kadence-advancedheading.kt-adv-heading14_41bc01-9c img.kb-inline-image, .wp-block-kadence-advancedheading.kt-adv-heading14_41bc01-9c[data-kb-block=\"kb-adv-heading14_41bc01-9c\"] img.kb-inline-image{width:150px;vertical-align:baseline;}<\/style>\n<h2 class=\"kt-adv-heading14_41bc01-9c wp-block-kadence-advancedheading\" data-kb-block=\"kb-adv-heading14_41bc01-9c\">R\u00fcckgabe-Anfrage<\/h2>\n\n\n<style>.wp-block-kadence-advancedheading.kt-adv-heading14_e74245-c6, .wp-block-kadence-advancedheading.kt-adv-heading14_e74245-c6[data-kb-block=\"kb-adv-heading14_e74245-c6\"]{font-style:normal;}.wp-block-kadence-advancedheading.kt-adv-heading14_e74245-c6 mark.kt-highlight, .wp-block-kadence-advancedheading.kt-adv-heading14_e74245-c6[data-kb-block=\"kb-adv-heading14_e74245-c6\"] mark.kt-highlight{font-style:normal;color:#f76a0c;-webkit-box-decoration-break:clone;box-decoration-break:clone;padding-top:0px;padding-right:0px;padding-bottom:0px;padding-left:0px;}.wp-block-kadence-advancedheading.kt-adv-heading14_e74245-c6 img.kb-inline-image, .wp-block-kadence-advancedheading.kt-adv-heading14_e74245-c6[data-kb-block=\"kb-adv-heading14_e74245-c6\"] img.kb-inline-image{width:150px;vertical-align:baseline;}<\/style>\n<p class=\"kt-adv-heading14_e74245-c6 wp-block-kadence-advancedheading\" data-kb-block=\"kb-adv-heading14_e74245-c6\">Bei GFOGAMING bieten wir Ihnen ein problemloses R\u00fcckgabe- und Umtauschrecht innerhalb von 30 Tagen nach Erhalt Ihres Produkts. Wenn Sie mit Ihrem Kauf nicht zufrieden sind, k\u00f6nnen Sie aus beliebigen Gr\u00fcnden eine R\u00fcckgabe oder einen Umtausch beantragen.<\/p>\n\n\n\n<p>Die R\u00fcckgabe ist einfach! Sobald der Antrag eingereicht wurde, werden wir uns innerhalb von 1 bis 2 Werktagen mit Ihnen in Verbindung setzen. Wenn Sie weitere Fragen haben, rufen Sie bitte +86-020-83527540 an oder nutzen Sie den Live-Chat, um schnelle Unterst\u00fctzung zu erhalten.<\/p>\n\n\n<style>.kadence-column14_19badc-2a > .kt-inside-inner-col,.kadence-column14_19badc-2a > .kt-inside-inner-col:before{border-top-left-radius:0px;border-top-right-radius:0px;border-bottom-right-radius:0px;border-bottom-left-radius:0px;}.kadence-column14_19badc-2a > .kt-inside-inner-col{column-gap:var(--global-kb-gap-sm, 1rem);}.kadence-column14_19badc-2a > .kt-inside-inner-col{flex-direction:column;}.kadence-column14_19badc-2a > .kt-inside-inner-col > .aligncenter{width:100%;}.kadence-column14_19badc-2a > .kt-inside-inner-col:before{opacity:0.3;}.kadence-column14_19badc-2a{position:relative;}.kadence-column14_19badc-2a, .kt-inside-inner-col > .kadence-column14_19badc-2a:not(.specificity){margin-bottom:3%;}@media all and (max-width: 1024px){.kadence-column14_19badc-2a > .kt-inside-inner-col{flex-direction:column;justify-content:center;}}@media all and (max-width: 767px){.kadence-column14_19badc-2a > .kt-inside-inner-col{flex-direction:column;justify-content:center;}.kadence-column14_19badc-2a, .kt-inside-inner-col > .kadence-column14_19badc-2a:not(.specificity){margin-right:0%;}}<\/style>\n<div class=\"wp-block-kadence-column kadence-column14_19badc-2a\"><div class=\"kt-inside-inner-col\"><p class=\"wpcf7-contact-form-not-found\"><strong>Fehler:<\/strong> Kontaktformular wurde nicht gefunden.<\/p>\n<\/div><\/div>\n\n\n\n<hr class=\"wp-block-separator has-alpha-channel-opacity\"\/>\n\n\n<style>.kb-row-layout-id14_c1dc3d-a8 > .kt-row-column-wrap{align-content:start;}:where(.kb-row-layout-id14_c1dc3d-a8 > .kt-row-column-wrap) > .wp-block-kadence-column{justify-content:start;}.kb-row-layout-id14_c1dc3d-a8 > .kt-row-column-wrap{column-gap:var(--global-kb-gap-md, 2rem);row-gap:var(--global-kb-gap-md, 2rem);padding-top:var(--global-kb-spacing-sm, 1.5rem);padding-bottom:var(--global-kb-spacing-sm, 1.5rem);grid-template-columns:repeat(2, minmax(0, 1fr));}.kb-row-layout-id14_c1dc3d-a8 > .kt-row-layout-overlay{opacity:0.30;}@media all and (max-width: 1024px){.kb-row-layout-id14_c1dc3d-a8 > .kt-row-column-wrap{grid-template-columns:repeat(2, minmax(0, 1fr));}}@media all and (max-width: 767px){.kb-row-layout-id14_c1dc3d-a8 > .kt-row-column-wrap{grid-template-columns:minmax(0, 1fr);}}<\/style><div class=\"kb-row-layout-wrap kb-row-layout-id14_c1dc3d-a8 alignnone wp-block-kadence-rowlayout\"><div class=\"kt-row-column-wrap kt-has-2-columns kt-row-layout-equal kt-tab-layout-inherit kt-mobile-layout-row kt-row-valign-top\">\n<style>.kadence-column14_98e5b1-98 > .kt-inside-inner-col,.kadence-column14_98e5b1-98 > .kt-inside-inner-col:before{border-top-left-radius:0px;border-top-right-radius:0px;border-bottom-right-radius:0px;border-bottom-left-radius:0px;}.kadence-column14_98e5b1-98 > .kt-inside-inner-col{column-gap:var(--global-kb-gap-sm, 1rem);}.kadence-column14_98e5b1-98 > .kt-inside-inner-col{flex-direction:column;}.kadence-column14_98e5b1-98 > .kt-inside-inner-col > .aligncenter{width:100%;}.kadence-column14_98e5b1-98 > .kt-inside-inner-col:before{opacity:0.3;}.kadence-column14_98e5b1-98{position:relative;}@media all and (max-width: 1024px){.kadence-column14_98e5b1-98 > .kt-inside-inner-col{flex-direction:column;justify-content:center;}}@media all and (max-width: 767px){.kadence-column14_98e5b1-98 > .kt-inside-inner-col{flex-direction:column;justify-content:center;}}<\/style>\n<div class=\"wp-block-kadence-column kadence-column14_98e5b1-98\"><div class=\"kt-inside-inner-col\"><style>.wp-block-kadence-advancedheading.kt-adv-heading14_1723c2-54, .wp-block-kadence-advancedheading.kt-adv-heading14_1723c2-54[data-kb-block=\"kb-adv-heading14_1723c2-54\"]{font-style:normal;}.wp-block-kadence-advancedheading.kt-adv-heading14_1723c2-54 mark.kt-highlight, .wp-block-kadence-advancedheading.kt-adv-heading14_1723c2-54[data-kb-block=\"kb-adv-heading14_1723c2-54\"] mark.kt-highlight{font-style:normal;color:#f76a0c;-webkit-box-decoration-break:clone;box-decoration-break:clone;padding-top:0px;padding-right:0px;padding-bottom:0px;padding-left:0px;}.wp-block-kadence-advancedheading.kt-adv-heading14_1723c2-54 img.kb-inline-image, .wp-block-kadence-advancedheading.kt-adv-heading14_1723c2-54[data-kb-block=\"kb-adv-heading14_1723c2-54\"] img.kb-inline-image{width:150px;vertical-align:baseline;}<\/style>\n<h2 class=\"kt-adv-heading14_1723c2-54 wp-block-kadence-advancedheading\" data-kb-block=\"kb-adv-heading14_1723c2-54\">Wie kann ich zur\u00fcckkehren?<\/h2>\n\n\n\n<ol class=\"wp-block-list\">\n<li>Geben Sie Ihre E-Mail-Adresse, Bestellnummer und andere Daten in die Felder oben ein und klicken Sie auf &#8222;Absenden&#8220;.<\/li>\n\n\n\n<li>Sie erhalten eine Best\u00e4tigungs-E-Mail, sobald der R\u00fcckgabeantrag genehmigt ist.<\/li>\n\n\n\n<li>Wenn Ihre Anfrage genehmigt wird, erhalten Sie von unserem Kundenservice per E-Mail die RMA-Nummer Ihres Einkaufs und die R\u00fccksendeadresse.<\/li>\n\n\n\n<li>Bitte drucken Sie das Return Mailing Label (RML) aus und warten Sie auf die Abholung des Pakets durch USPS.<\/li>\n\n\n\n<li>Sobald wir den\/die zur\u00fcckgesendeten Artikel erhalten haben, wird unser Kundenservice die Erstattung innerhalb von 7-10 Werktagen vornehmen.<\/li>\n\n\n\n<li>In bestimmten F\u00e4llen, je nach Defekt, k\u00f6nnen wir Sie bitten, das Produkt zu behalten, und wir schicken Ihnen kostenlos ein neues zu oder erstatten Ihnen den Kaufpreis, ohne dass Sie das Produkt an uns zur\u00fcckschicken m\u00fcssen.<\/li>\n<\/ol>\n<\/div><\/div>\n\n\n<style>.kadence-column14_9cbc02-7d > .kt-inside-inner-col,.kadence-column14_9cbc02-7d > .kt-inside-inner-col:before{border-top-left-radius:0px;border-top-right-radius:0px;border-bottom-right-radius:0px;border-bottom-left-radius:0px;}.kadence-column14_9cbc02-7d > .kt-inside-inner-col{column-gap:var(--global-kb-gap-sm, 1rem);}.kadence-column14_9cbc02-7d > .kt-inside-inner-col{flex-direction:column;}.kadence-column14_9cbc02-7d > .kt-inside-inner-col > .aligncenter{width:100%;}.kadence-column14_9cbc02-7d > .kt-inside-inner-col:before{opacity:0.3;}.kadence-column14_9cbc02-7d{position:relative;}@media all and (max-width: 1024px){.kadence-column14_9cbc02-7d > .kt-inside-inner-col{flex-direction:column;justify-content:center;}}@media all and (max-width: 767px){.kadence-column14_9cbc02-7d > .kt-inside-inner-col{flex-direction:column;justify-content:center;}}<\/style>\n<div class=\"wp-block-kadence-column kadence-column14_9cbc02-7d\"><div class=\"kt-inside-inner-col\"><style>.wp-block-kadence-advancedheading.kt-adv-heading14_b0389c-b5, .wp-block-kadence-advancedheading.kt-adv-heading14_b0389c-b5[data-kb-block=\"kb-adv-heading14_b0389c-b5\"]{font-style:normal;}.wp-block-kadence-advancedheading.kt-adv-heading14_b0389c-b5 mark.kt-highlight, .wp-block-kadence-advancedheading.kt-adv-heading14_b0389c-b5[data-kb-block=\"kb-adv-heading14_b0389c-b5\"] mark.kt-highlight{font-style:normal;color:#f76a0c;-webkit-box-decoration-break:clone;box-decoration-break:clone;padding-top:0px;padding-right:0px;padding-bottom:0px;padding-left:0px;}.wp-block-kadence-advancedheading.kt-adv-heading14_b0389c-b5 img.kb-inline-image, .wp-block-kadence-advancedheading.kt-adv-heading14_b0389c-b5[data-kb-block=\"kb-adv-heading14_b0389c-b5\"] img.kb-inline-image{width:150px;vertical-align:baseline;}<\/style>\n<h2 class=\"kt-adv-heading14_b0389c-b5 wp-block-kadence-advancedheading\" data-kb-block=\"kb-adv-heading14_b0389c-b5\">Unsere Garantiebestimmungen und Bedingungen<\/h2>\n\n\n\n<p>Wenn Ihr Produkt von unserer Garantie abgedeckt werden muss, lesen Sie bitte unsere <a href=\"https:\/\/www.gfogaming.com\/warranty-service\/\">Garantiebestimmungen<\/a>.<\/p>\n\n\n\n<p>GFOGAMING bietet eine nicht \u00fcbertragbare, einj\u00e4hrige Ersatzgarantie, die auf dem Kaufdatum basiert. Bitte geben Sie Ihre Bestellnummer oder die E-Mail an, die Sie f\u00fcr die Bestellung verwendet haben, wir werden das Produkt kostenlos ersetzen.<\/p>\n<\/div><\/div>\n\n<\/div><\/div>\n\n<style>.kb-row-layout-id14_fcb03e-f8 > .kt-row-column-wrap{align-content:start;}:where(.kb-row-layout-id14_fcb03e-f8 > .kt-row-column-wrap) > .wp-block-kadence-column{justify-content:start;}.kb-row-layout-id14_fcb03e-f8 > .kt-row-column-wrap{column-gap:var(--global-kb-gap-md, 2rem);row-gap:var(--global-kb-gap-md, 2rem);padding-top:var(--global-kb-spacing-sm, 1.5rem);padding-bottom:var(--global-kb-spacing-sm, 1.5rem);grid-template-columns:repeat(2, minmax(0, 1fr));}.kb-row-layout-id14_fcb03e-f8 > .kt-row-layout-overlay{opacity:0.30;}@media all and (max-width: 1024px){.kb-row-layout-id14_fcb03e-f8 > .kt-row-column-wrap{grid-template-columns:repeat(2, minmax(0, 1fr));}}@media all and (max-width: 767px){.kb-row-layout-id14_fcb03e-f8 > .kt-row-column-wrap{grid-template-columns:minmax(0, 1fr);}}<\/style><div class=\"kb-row-layout-wrap kb-row-layout-id14_fcb03e-f8 alignnone wp-block-kadence-rowlayout\"><div class=\"kt-row-column-wrap kt-has-2-columns kt-row-layout-equal kt-tab-layout-inherit kt-mobile-layout-row kt-row-valign-top\">\n<style>.kadence-column14_d32824-6b > .kt-inside-inner-col,.kadence-column14_d32824-6b > .kt-inside-inner-col:before{border-top-left-radius:0px;border-top-right-radius:0px;border-bottom-right-radius:0px;border-bottom-left-radius:0px;}.kadence-column14_d32824-6b > .kt-inside-inner-col{column-gap:var(--global-kb-gap-sm, 1rem);}.kadence-column14_d32824-6b > .kt-inside-inner-col{flex-direction:column;}.kadence-column14_d32824-6b > .kt-inside-inner-col > .aligncenter{width:100%;}.kadence-column14_d32824-6b > .kt-inside-inner-col:before{opacity:0.3;}.kadence-column14_d32824-6b{position:relative;}@media all and (max-width: 1024px){.kadence-column14_d32824-6b > .kt-inside-inner-col{flex-direction:column;justify-content:center;}}@media all and (max-width: 767px){.kadence-column14_d32824-6b > .kt-inside-inner-col{flex-direction:column;justify-content:center;}}<\/style>\n<div class=\"wp-block-kadence-column kadence-column14_d32824-6b\"><div class=\"kt-inside-inner-col\"><style>.wp-block-kadence-advancedheading.kt-adv-heading14_a993cd-48, .wp-block-kadence-advancedheading.kt-adv-heading14_a993cd-48[data-kb-block=\"kb-adv-heading14_a993cd-48\"]{font-style:normal;}.wp-block-kadence-advancedheading.kt-adv-heading14_a993cd-48 mark.kt-highlight, .wp-block-kadence-advancedheading.kt-adv-heading14_a993cd-48[data-kb-block=\"kb-adv-heading14_a993cd-48\"] mark.kt-highlight{font-style:normal;color:#f76a0c;-webkit-box-decoration-break:clone;box-decoration-break:clone;padding-top:0px;padding-right:0px;padding-bottom:0px;padding-left:0px;}.wp-block-kadence-advancedheading.kt-adv-heading14_a993cd-48 img.kb-inline-image, .wp-block-kadence-advancedheading.kt-adv-heading14_a993cd-48[data-kb-block=\"kb-adv-heading14_a993cd-48\"] img.kb-inline-image{width:150px;vertical-align:baseline;}<\/style>\n<h2 class=\"kt-adv-heading14_a993cd-48 wp-block-kadence-advancedheading\" data-kb-block=\"kb-adv-heading14_a993cd-48\">Welche Artikel k\u00f6nnen zur\u00fcckgegeben werden?<\/h2>\n\n\n\n<p>Unser R\u00fcckgabe- und Erstattungsrecht gilt 30 Tage ab dem Datum, an dem Sie Ihr Produkt erhalten haben.<\/p>\n\n\n\n<p>Bitte beachten Sie, dass wir keinen kostenlosen R\u00fcckversand f\u00fcr Artikel anbieten, die keinen Herstellungsfehler aufweisen. Sie m\u00fcssen die Versandkosten f\u00fcr die R\u00fccksendung Ihres Artikels selbst tragen. Die Versandkosten sind nicht erstattungsf\u00e4hig. Wenn Sie eine R\u00fcckerstattung erhalten, werden die Kosten f\u00fcr den R\u00fcckversand von Ihrer R\u00fcckerstattung abgezogen.<\/p>\n<\/div><\/div>\n\n\n<style>.kadence-column14_d2a0a7-60 > .kt-inside-inner-col,.kadence-column14_d2a0a7-60 > .kt-inside-inner-col:before{border-top-left-radius:0px;border-top-right-radius:0px;border-bottom-right-radius:0px;border-bottom-left-radius:0px;}.kadence-column14_d2a0a7-60 > .kt-inside-inner-col{column-gap:var(--global-kb-gap-sm, 1rem);}.kadence-column14_d2a0a7-60 > .kt-inside-inner-col{flex-direction:column;}.kadence-column14_d2a0a7-60 > .kt-inside-inner-col > .aligncenter{width:100%;}.kadence-column14_d2a0a7-60 > .kt-inside-inner-col:before{opacity:0.3;}.kadence-column14_d2a0a7-60{position:relative;}@media all and (max-width: 1024px){.kadence-column14_d2a0a7-60 > .kt-inside-inner-col{flex-direction:column;justify-content:center;}}@media all and (max-width: 767px){.kadence-column14_d2a0a7-60 > .kt-inside-inner-col{flex-direction:column;justify-content:center;}}<\/style>\n<div class=\"wp-block-kadence-column kadence-column14_d2a0a7-60\"><div class=\"kt-inside-inner-col\"><\/div><\/div>\n\n<\/div><\/div><\/div><\/div>\n\n<\/div><\/div>","protected":false},"excerpt":{"rendered":"<p>R\u00fcckgabe-Anfrage Bei GFOGAMING bieten wir Ihnen ein problemloses R\u00fcckgabe- und Umtauschrecht innerhalb von 30 Tagen nach Erhalt Ihres Produkts. Wenn Sie mit Ihrem Kauf nicht zufrieden sind, k\u00f6nnen Sie aus beliebigen Gr\u00fcnden eine R\u00fcckgabe oder einen Umtausch beantragen. Die R\u00fcckgabe ist einfach! Sobald der Antrag eingereicht wurde, werden wir uns innerhalb von 1 bis 2 [&hellip;]<\/p>\n","protected":false},"author":1,"featured_media":0,"parent":0,"menu_order":0,"comment_status":"closed","ping_status":"closed","template":"template-fullwidth-no-heading.php","meta":{"bwfblock_default_font":"","_gspb_post_css":"","_kad_blocks_custom_css":"","_kad_blocks_head_custom_js":"","_kad_blocks_body_custom_js":"","_kad_blocks_footer_custom_js":"","footnotes":""},"class_list":["post-9398","page","type-page","status-publish","hentry"],"yoast_head":"<!-- This site is optimized with the Yoast SEO Premium plugin v26.8 (Yoast SEO v27.0) - https:\/\/yoast.com\/product\/yoast-seo-premium-wordpress\/ -->\n<title>| R\u00fcckgabe- und Erstattungsbedingungen GFOGaming<\/title>\n<meta name=\"robots\" content=\"index, follow, max-snippet:-1, max-image-preview:large, max-video-preview:-1\" \/>\n<link rel=\"canonical\" href=\"https:\/\/www.gfogaming.com\/de\/30-tage-problemlose-rueckgabe\/\" \/>\n<script type=\"application\/ld+json\" class=\"yoast-schema-graph\">{\"@context\":\"https:\/\/schema.org\",\"@graph\":[{\"@type\":\"WebPage\",\"@id\":\"https:\/\/www.gfogaming.com\/de\/30-tage-problemlose-rueckgabe\/\",\"url\":\"https:\/\/www.gfogaming.com\/de\/30-tage-problemlose-rueckgabe\/\",\"name\":\"| R\u00fcckgabe- und Erstattungsbedingungen GFOGaming\",\"isPartOf\":{\"@id\":\"https:\/\/www.gfogaming.com\/de\/#website\"},\"datePublished\":\"2024-03-15T05:50:18+00:00\",\"dateModified\":\"2024-05-21T09:06:03+00:00\",\"breadcrumb\":{\"@id\":\"https:\/\/www.gfogaming.com\/de\/30-tage-problemlose-rueckgabe\/#breadcrumb\"},\"inLanguage\":\"de\",\"potentialAction\":[{\"@type\":\"ReadAction\",\"target\":[\"https:\/\/www.gfogaming.com\/de\/30-tage-problemlose-rueckgabe\/\"]}]},{\"@type\":\"BreadcrumbList\",\"@id\":\"https:\/\/www.gfogaming.com\/de\/30-tage-problemlose-rueckgabe\/#breadcrumb\",\"itemListElement\":[{\"@type\":\"ListItem\",\"position\":1,\"name\":\"Home\",\"item\":\"https:\/\/www.gfogaming.com\/de\/\"},{\"@type\":\"ListItem\",\"position\":2,\"name\":\"30 Tage problemlose R\u00fcckgabe\"}]},{\"@type\":\"WebSite\",\"@id\":\"https:\/\/www.gfogaming.com\/de\/#website\",\"url\":\"https:\/\/www.gfogaming.com\/de\/\",\"name\":\"GFO Gaming\",\"description\":\"\",\"publisher\":{\"@id\":\"https:\/\/www.gfogaming.com\/de\/#organization\"},\"potentialAction\":[{\"@type\":\"SearchAction\",\"target\":{\"@type\":\"EntryPoint\",\"urlTemplate\":\"https:\/\/www.gfogaming.com\/de\/?s={search_term_string}\"},\"query-input\":{\"@type\":\"PropertyValueSpecification\",\"valueRequired\":true,\"valueName\":\"search_term_string\"}}],\"inLanguage\":\"de\"},{\"@type\":\"Organization\",\"@id\":\"https:\/\/www.gfogaming.com\/de\/#organization\",\"name\":\"GFOGAMING\",\"url\":\"https:\/\/www.gfogaming.com\/de\/\",\"logo\":{\"@type\":\"ImageObject\",\"inLanguage\":\"de\",\"@id\":\"https:\/\/www.gfogaming.com\/de\/#\/schema\/logo\/image\/\",\"url\":\"https:\/\/cdn.gfogaming.com\/wp-content\/uploads\/2023\/10\/04120106\/GFO-Logos-02.png\",\"contentUrl\":\"https:\/\/cdn.gfogaming.com\/wp-content\/uploads\/2023\/10\/04120106\/GFO-Logos-02.png\",\"width\":1276,\"height\":272,\"caption\":\"GFOGAMING\"},\"image\":{\"@id\":\"https:\/\/www.gfogaming.com\/de\/#\/schema\/logo\/image\/\"},\"sameAs\":[\"https:\/\/www.instagram.com\/gefunon_gaming\/\"]}]}<\/script>\n<!-- \/ Yoast SEO Premium plugin. -->","yoast_head_json":{"title":"| R\u00fcckgabe- und Erstattungsbedingungen GFOGaming","robots":{"index":"index","follow":"follow","max-snippet":"max-snippet:-1","max-image-preview":"max-image-preview:large","max-video-preview":"max-video-preview:-1"},"canonical":"https:\/\/www.gfogaming.com\/de\/30-tage-problemlose-rueckgabe\/","schema":{"@context":"https:\/\/schema.org","@graph":[{"@type":"WebPage","@id":"https:\/\/www.gfogaming.com\/de\/30-tage-problemlose-rueckgabe\/","url":"https:\/\/www.gfogaming.com\/de\/30-tage-problemlose-rueckgabe\/","name":"| R\u00fcckgabe- und Erstattungsbedingungen GFOGaming","isPartOf":{"@id":"https:\/\/www.gfogaming.com\/de\/#website"},"datePublished":"2024-03-15T05:50:18+00:00","dateModified":"2024-05-21T09:06:03+00:00","breadcrumb":{"@id":"https:\/\/www.gfogaming.com\/de\/30-tage-problemlose-rueckgabe\/#breadcrumb"},"inLanguage":"de","potentialAction":[{"@type":"ReadAction","target":["https:\/\/www.gfogaming.com\/de\/30-tage-problemlose-rueckgabe\/"]}]},{"@type":"BreadcrumbList","@id":"https:\/\/www.gfogaming.com\/de\/30-tage-problemlose-rueckgabe\/#breadcrumb","itemListElement":[{"@type":"ListItem","position":1,"name":"Home","item":"https:\/\/www.gfogaming.com\/de\/"},{"@type":"ListItem","position":2,"name":"30 Tage problemlose R\u00fcckgabe"}]},{"@type":"WebSite","@id":"https:\/\/www.gfogaming.com\/de\/#website","url":"https:\/\/www.gfogaming.com\/de\/","name":"GFO Gaming","description":"","publisher":{"@id":"https:\/\/www.gfogaming.com\/de\/#organization"},"potentialAction":[{"@type":"SearchAction","target":{"@type":"EntryPoint","urlTemplate":"https:\/\/www.gfogaming.com\/de\/?s={search_term_string}"},"query-input":{"@type":"PropertyValueSpecification","valueRequired":true,"valueName":"search_term_string"}}],"inLanguage":"de"},{"@type":"Organization","@id":"https:\/\/www.gfogaming.com\/de\/#organization","name":"GFOGAMING","url":"https:\/\/www.gfogaming.com\/de\/","logo":{"@type":"ImageObject","inLanguage":"de","@id":"https:\/\/www.gfogaming.com\/de\/#\/schema\/logo\/image\/","url":"https:\/\/cdn.gfogaming.com\/wp-content\/uploads\/2023\/10\/04120106\/GFO-Logos-02.png","contentUrl":"https:\/\/cdn.gfogaming.com\/wp-content\/uploads\/2023\/10\/04120106\/GFO-Logos-02.png","width":1276,"height":272,"caption":"GFOGAMING"},"image":{"@id":"https:\/\/www.gfogaming.com\/de\/#\/schema\/logo\/image\/"},"sameAs":["https:\/\/www.instagram.com\/gefunon_gaming\/"]}]}},"taxonomy_info":[],"featured_image_src_large":false,"author_info":{"display_name":"ming44025","author_link":"https:\/\/www.gfogaming.com\/de\/author\/ming44025\/"},"comment_info":0,"_links":{"self":[{"href":"https:\/\/www.gfogaming.com\/de\/wp-json\/wp\/v2\/pages\/9398","targetHints":{"allow":["GET"]}}],"collection":[{"href":"https:\/\/www.gfogaming.com\/de\/wp-json\/wp\/v2\/pages"}],"about":[{"href":"https:\/\/www.gfogaming.com\/de\/wp-json\/wp\/v2\/types\/page"}],"author":[{"embeddable":true,"href":"https:\/\/www.gfogaming.com\/de\/wp-json\/wp\/v2\/users\/1"}],"replies":[{"embeddable":true,"href":"https:\/\/www.gfogaming.com\/de\/wp-json\/wp\/v2\/comments?post=9398"}],"version-history":[{"count":0,"href":"https:\/\/www.gfogaming.com\/de\/wp-json\/wp\/v2\/pages\/9398\/revisions"}],"wp:attachment":[{"href":"https:\/\/www.gfogaming.com\/de\/wp-json\/wp\/v2\/media?parent=9398"}],"curies":[{"name":"wp","href":"https:\/\/api.w.org\/{rel}","templated":true}]}}