{"id":93739,"date":"2024-06-04T09:23:46","date_gmt":"2024-06-04T09:23:46","guid":{"rendered":"https:\/\/www.gfogaming.com\/meine-persoenlichen-daten-nicht-verkaufen-oder-weitergeben\/"},"modified":"2024-06-04T09:25:24","modified_gmt":"2024-06-04T09:25:24","slug":"meine-persoenlichen-daten-nicht-verkaufen-oder-weitergeben","status":"publish","type":"page","link":"https:\/\/www.gfogaming.com\/de\/meine-persoenlichen-daten-nicht-verkaufen-oder-weitergeben\/","title":{"rendered":"Meine pers\u00f6nlichen Daten nicht verkaufen oder weitergeben"},"content":{"rendered":"\n<p>Wie in unserer Datenschutzrichtlinie beschrieben, sammeln wir personenbezogene Daten aus Ihren Interaktionen mit uns und unserer Website, einschlie\u00dflich durch Cookies und \u00e4hnliche Technologien. Wir k\u00f6nnen diese pers\u00f6nlichen Informationen auch an Dritte weitergeben, einschlie\u00dflich Werbepartner. Wir tun dies, um Ihnen Werbung auf anderen Websites zu zeigen, die Ihren Interessen besser entspricht, und aus anderen Gr\u00fcnden, die in unserer Datenschutzrichtlinie beschrieben sind.<\/p>\n\n<p>Die Weitergabe personenbezogener Daten f\u00fcr gezielte Werbung auf der Grundlage Ihrer Interaktion auf verschiedenen Websites kann nach bestimmten Datenschutzgesetzen der US-Bundesstaaten als &#8222;Verkauf&#8220;, &#8222;Weitergabe&#8220; oder &#8222;gezielte Werbung&#8220; betrachtet werden. Je nachdem, wo Sie leben, haben Sie m\u00f6glicherweise das Recht, diese Aktivit\u00e4ten abzulehnen. Wenn Sie von diesem Recht Gebrauch machen m\u00f6chten, folgen Sie bitte den unten stehenden Anweisungen.<\/p>\n\n<p>Wenn Sie unsere Website besuchen und alle Optionen zur Zustimmung zum Datenschutz deaktivieren, behandeln wir dies, je nachdem, wo Sie sich befinden, als eine Aufforderung zur Ablehnung von Aktivit\u00e4ten, die als &#8222;Verkauf&#8220; oder &#8222;Weitergabe&#8220; von pers\u00f6nlichen Daten oder als andere Verwendungen, die als gezielte Werbung f\u00fcr das Ger\u00e4t und den Browser, mit dem Sie unsere Website besucht haben, angesehen werden k\u00f6nnen.<\/p>\n\n<p>Wenn Sie Aktivit\u00e4ten ablehnen m\u00f6chten, die als &#8222;Marketing&#8220;, &#8222;Analyse&#8220; oder &#8222;Freigabe&#8220; oder &#8222;gezielte Werbung&#8220; betrachtet werden k\u00f6nnen, schlie\u00dfen Sie bitte die unten stehenden Zustimmungsoptionen.<\/p>\n\n<div class=\"wp-block-greenshift-blocks-container gspb_container gspb_container-gsbp-6f8a82f\" id=\"gspb_container-id-gsbp-6f8a82f\"><style>.wp-block-kadence-advancedheading.kt-adv-heading93737_e4044c-d1, .wp-block-kadence-advancedheading.kt-adv-heading93737_e4044c-d1[data-kb-block=\"kb-adv-heading93737_e4044c-d1\"]{display:block;font-size:16px;font-weight:400;font-style:normal;font-family:Jost;}.wp-block-kadence-advancedheading.kt-adv-heading93737_e4044c-d1 mark.kt-highlight, .wp-block-kadence-advancedheading.kt-adv-heading93737_e4044c-d1[data-kb-block=\"kb-adv-heading93737_e4044c-d1\"] mark.kt-highlight{font-style:normal;color:#f76a0c;-webkit-box-decoration-break:clone;box-decoration-break:clone;padding-top:0px;padding-right:0px;padding-bottom:0px;padding-left:0px;}.wp-block-kadence-advancedheading.kt-adv-heading93737_e4044c-d1 img.kb-inline-image, .wp-block-kadence-advancedheading.kt-adv-heading93737_e4044c-d1[data-kb-block=\"kb-adv-heading93737_e4044c-d1\"] img.kb-inline-image{width:150px;vertical-align:baseline;}<\/style>\n<span class=\"kt-adv-heading93737_e4044c-d1 wp-block-kadence-advancedheading has-white-color has-text-color\" data-kb-block=\"kb-adv-heading93737_e4044c-d1\">[cm_options]Open Consent Options[\/cm_options]<\/span>\n<\/div>\n","protected":false},"excerpt":{"rendered":"<p>Wie in unserer Datenschutzrichtlinie beschrieben, sammeln wir personenbezogene Daten aus Ihren Interaktionen mit uns und unserer Website, einschlie\u00dflich durch Cookies und \u00e4hnliche Technologien. Wir k\u00f6nnen diese pers\u00f6nlichen Informationen auch an Dritte weitergeben, einschlie\u00dflich Werbepartner. Wir tun dies, um Ihnen Werbung auf anderen Websites zu zeigen, die Ihren Interessen besser entspricht, und aus anderen Gr\u00fcnden, die [&hellip;]<\/p>\n","protected":false},"author":1,"featured_media":0,"parent":0,"menu_order":0,"comment_status":"closed","ping_status":"closed","template":"template-fullwidth.php","meta":{"bwfblock_default_font":"","_gspb_post_css":".gspb_container-id-gsbp-6f8a82f{flex-direction:column;box-sizing:border-box}#gspb_container-id-gsbp-6f8a82f.gspb_container>p:last-of-type{margin-bottom:0}.gspb_container{position:relative}#gspb_container-id-gsbp-6f8a82f.gspb_container,#gspb_container-id-gsbp-6f8a82f.gspb_container .wp-block a,#gspb_container-id-gsbp-6f8a82f.gspb_container .wp-block a:hover,#gspb_container-id-gsbp-6f8a82f.gspb_container a,#gspb_container-id-gsbp-6f8a82f.gspb_container a:hover,#gspb_container-id-gsbp-6f8a82f.gspb_container:hover{color:var(--wp--preset--color--white, #ffffff)}#gspb_container-id-gsbp-6f8a82f.gspb_container{margin-bottom:25px;padding:5px 10px;background-color:#f0f0f0}body.gspb-bodyfront #gspb_container-id-gsbp-6f8a82f.gspb_container{max-width:180px}","_kad_blocks_custom_css":"","_kad_blocks_head_custom_js":"","_kad_blocks_body_custom_js":"","_kad_blocks_footer_custom_js":"","footnotes":""},"class_list":["post-93739","page","type-page","status-publish","hentry"],"yoast_head":"<!-- This site is optimized with the Yoast SEO Premium plugin v26.8 (Yoast SEO v27.0) - https:\/\/yoast.com\/product\/yoast-seo-premium-wordpress\/ -->\n<title>Meine pers\u00f6nlichen Daten nicht verkaufen oder weitergeben | GFOGAMING<\/title>\n<meta name=\"robots\" content=\"index, follow, max-snippet:-1, max-image-preview:large, max-video-preview:-1\" \/>\n<link rel=\"canonical\" href=\"https:\/\/www.gfogaming.com\/de\/meine-persoenlichen-daten-nicht-verkaufen-oder-weitergeben\/\" \/>\n<script type=\"application\/ld+json\" class=\"yoast-schema-graph\">{\"@context\":\"https:\/\/schema.org\",\"@graph\":[{\"@type\":\"WebPage\",\"@id\":\"https:\/\/www.gfogaming.com\/de\/meine-persoenlichen-daten-nicht-verkaufen-oder-weitergeben\/\",\"url\":\"https:\/\/www.gfogaming.com\/de\/meine-persoenlichen-daten-nicht-verkaufen-oder-weitergeben\/\",\"name\":\"Meine pers\u00f6nlichen Daten nicht verkaufen oder weitergeben | GFOGAMING\",\"isPartOf\":{\"@id\":\"https:\/\/www.gfogaming.com\/de\/#website\"},\"datePublished\":\"2024-06-04T09:23:46+00:00\",\"dateModified\":\"2024-06-04T09:25:24+00:00\",\"breadcrumb\":{\"@id\":\"https:\/\/www.gfogaming.com\/de\/meine-persoenlichen-daten-nicht-verkaufen-oder-weitergeben\/#breadcrumb\"},\"inLanguage\":\"de\",\"potentialAction\":[{\"@type\":\"ReadAction\",\"target\":[\"https:\/\/www.gfogaming.com\/de\/meine-persoenlichen-daten-nicht-verkaufen-oder-weitergeben\/\"]}]},{\"@type\":\"BreadcrumbList\",\"@id\":\"https:\/\/www.gfogaming.com\/de\/meine-persoenlichen-daten-nicht-verkaufen-oder-weitergeben\/#breadcrumb\",\"itemListElement\":[{\"@type\":\"ListItem\",\"position\":1,\"name\":\"Home\",\"item\":\"https:\/\/www.gfogaming.com\/de\/\"},{\"@type\":\"ListItem\",\"position\":2,\"name\":\"Meine pers\u00f6nlichen Daten nicht verkaufen oder weitergeben\"}]},{\"@type\":\"WebSite\",\"@id\":\"https:\/\/www.gfogaming.com\/de\/#website\",\"url\":\"https:\/\/www.gfogaming.com\/de\/\",\"name\":\"GFO Gaming\",\"description\":\"\",\"publisher\":{\"@id\":\"https:\/\/www.gfogaming.com\/de\/#organization\"},\"potentialAction\":[{\"@type\":\"SearchAction\",\"target\":{\"@type\":\"EntryPoint\",\"urlTemplate\":\"https:\/\/www.gfogaming.com\/de\/?s={search_term_string}\"},\"query-input\":{\"@type\":\"PropertyValueSpecification\",\"valueRequired\":true,\"valueName\":\"search_term_string\"}}],\"inLanguage\":\"de\"},{\"@type\":\"Organization\",\"@id\":\"https:\/\/www.gfogaming.com\/de\/#organization\",\"name\":\"GFOGAMING\",\"url\":\"https:\/\/www.gfogaming.com\/de\/\",\"logo\":{\"@type\":\"ImageObject\",\"inLanguage\":\"de\",\"@id\":\"https:\/\/www.gfogaming.com\/de\/#\/schema\/logo\/image\/\",\"url\":\"https:\/\/cdn.gfogaming.com\/wp-content\/uploads\/2023\/10\/04120106\/GFO-Logos-02.png\",\"contentUrl\":\"https:\/\/cdn.gfogaming.com\/wp-content\/uploads\/2023\/10\/04120106\/GFO-Logos-02.png\",\"width\":1276,\"height\":272,\"caption\":\"GFOGAMING\"},\"image\":{\"@id\":\"https:\/\/www.gfogaming.com\/de\/#\/schema\/logo\/image\/\"},\"sameAs\":[\"https:\/\/www.instagram.com\/gefunon_gaming\/\"]}]}<\/script>\n<!-- \/ Yoast SEO Premium plugin. -->","yoast_head_json":{"title":"Meine pers\u00f6nlichen Daten nicht verkaufen oder weitergeben | GFOGAMING","robots":{"index":"index","follow":"follow","max-snippet":"max-snippet:-1","max-image-preview":"max-image-preview:large","max-video-preview":"max-video-preview:-1"},"canonical":"https:\/\/www.gfogaming.com\/de\/meine-persoenlichen-daten-nicht-verkaufen-oder-weitergeben\/","schema":{"@context":"https:\/\/schema.org","@graph":[{"@type":"WebPage","@id":"https:\/\/www.gfogaming.com\/de\/meine-persoenlichen-daten-nicht-verkaufen-oder-weitergeben\/","url":"https:\/\/www.gfogaming.com\/de\/meine-persoenlichen-daten-nicht-verkaufen-oder-weitergeben\/","name":"Meine pers\u00f6nlichen Daten nicht verkaufen oder weitergeben | GFOGAMING","isPartOf":{"@id":"https:\/\/www.gfogaming.com\/de\/#website"},"datePublished":"2024-06-04T09:23:46+00:00","dateModified":"2024-06-04T09:25:24+00:00","breadcrumb":{"@id":"https:\/\/www.gfogaming.com\/de\/meine-persoenlichen-daten-nicht-verkaufen-oder-weitergeben\/#breadcrumb"},"inLanguage":"de","potentialAction":[{"@type":"ReadAction","target":["https:\/\/www.gfogaming.com\/de\/meine-persoenlichen-daten-nicht-verkaufen-oder-weitergeben\/"]}]},{"@type":"BreadcrumbList","@id":"https:\/\/www.gfogaming.com\/de\/meine-persoenlichen-daten-nicht-verkaufen-oder-weitergeben\/#breadcrumb","itemListElement":[{"@type":"ListItem","position":1,"name":"Home","item":"https:\/\/www.gfogaming.com\/de\/"},{"@type":"ListItem","position":2,"name":"Meine pers\u00f6nlichen Daten nicht verkaufen oder weitergeben"}]},{"@type":"WebSite","@id":"https:\/\/www.gfogaming.com\/de\/#website","url":"https:\/\/www.gfogaming.com\/de\/","name":"GFO Gaming","description":"","publisher":{"@id":"https:\/\/www.gfogaming.com\/de\/#organization"},"potentialAction":[{"@type":"SearchAction","target":{"@type":"EntryPoint","urlTemplate":"https:\/\/www.gfogaming.com\/de\/?s={search_term_string}"},"query-input":{"@type":"PropertyValueSpecification","valueRequired":true,"valueName":"search_term_string"}}],"inLanguage":"de"},{"@type":"Organization","@id":"https:\/\/www.gfogaming.com\/de\/#organization","name":"GFOGAMING","url":"https:\/\/www.gfogaming.com\/de\/","logo":{"@type":"ImageObject","inLanguage":"de","@id":"https:\/\/www.gfogaming.com\/de\/#\/schema\/logo\/image\/","url":"https:\/\/cdn.gfogaming.com\/wp-content\/uploads\/2023\/10\/04120106\/GFO-Logos-02.png","contentUrl":"https:\/\/cdn.gfogaming.com\/wp-content\/uploads\/2023\/10\/04120106\/GFO-Logos-02.png","width":1276,"height":272,"caption":"GFOGAMING"},"image":{"@id":"https:\/\/www.gfogaming.com\/de\/#\/schema\/logo\/image\/"},"sameAs":["https:\/\/www.instagram.com\/gefunon_gaming\/"]}]}},"taxonomy_info":[],"featured_image_src_large":false,"author_info":{"display_name":"ming44025","author_link":"https:\/\/www.gfogaming.com\/de\/author\/ming44025\/"},"comment_info":0,"_links":{"self":[{"href":"https:\/\/www.gfogaming.com\/de\/wp-json\/wp\/v2\/pages\/93739","targetHints":{"allow":["GET"]}}],"collection":[{"href":"https:\/\/www.gfogaming.com\/de\/wp-json\/wp\/v2\/pages"}],"about":[{"href":"https:\/\/www.gfogaming.com\/de\/wp-json\/wp\/v2\/types\/page"}],"author":[{"embeddable":true,"href":"https:\/\/www.gfogaming.com\/de\/wp-json\/wp\/v2\/users\/1"}],"replies":[{"embeddable":true,"href":"https:\/\/www.gfogaming.com\/de\/wp-json\/wp\/v2\/comments?post=93739"}],"version-history":[{"count":0,"href":"https:\/\/www.gfogaming.com\/de\/wp-json\/wp\/v2\/pages\/93739\/revisions"}],"wp:attachment":[{"href":"https:\/\/www.gfogaming.com\/de\/wp-json\/wp\/v2\/media?parent=93739"}],"curies":[{"name":"wp","href":"https:\/\/api.w.org\/{rel}","templated":true}]}}