{"id":93679,"date":"2024-06-04T08:43:18","date_gmt":"2024-06-04T08:43:18","guid":{"rendered":"https:\/\/www.gfogaming.com\/cookie-richtlinie\/"},"modified":"2024-06-04T09:25:03","modified_gmt":"2024-06-04T09:25:03","slug":"cookie-richtlinie","status":"publish","type":"page","link":"https:\/\/www.gfogaming.com\/de\/cookie-richtlinie\/","title":{"rendered":"Cookie-Richtlinie"},"content":{"rendered":"\n<p>Zuletzt aktualisiert: 03-Jun-2024<\/p>\n\n<h3 class=\"wp-block-heading\" id=\"what-are-cookies\">Was sind Cookies?<\/h3>\n\n<p>Diese Cookie-Richtlinie erkl\u00e4rt, was Cookies sind und wie wir sie verwenden, welche Arten von Cookies wir verwenden, welche Informationen wir mit Hilfe von Cookies sammeln und wie diese Informationen verwendet werden, und wie Sie Ihre Cookie-Einstellungen verwalten k\u00f6nnen.<\/p>\n\n<p>Cookies sind kleine Textdateien, die dazu dienen, kleine Informationen zu speichern. Sie werden auf Ihrem Ger\u00e4t gespeichert, wenn die Website in Ihrem Browser geladen wird. Diese Cookies helfen uns, die Website ordnungsgem\u00e4\u00df zu betreiben, sie sicherer zu machen, eine bessere Benutzererfahrung zu bieten und zu verstehen, wie die Website funktioniert, um zu analysieren, was funktioniert und wo sie verbessert werden muss.<\/p>\n\n<h3 class=\"wp-block-heading\" id=\"types-of-cookies-we-use\">Arten von Cookies, die wir verwenden<\/h3>\n<p>[cm_scan_description]<\/p>\n\n<h3 class=\"wp-block-heading\" id=\"manage-cookie-preferences\">Cookie-Einstellungen verwalten<\/h3>\n\n<div class=\"wp-block-greenshift-blocks-container gspb_container gspb_container-gsbp-6f8a82f\" id=\"gspb_container-id-gsbp-6f8a82f\"><style>.wp-block-kadence-advancedheading.kt-adv-heading93675_947e1f-3b, .wp-block-kadence-advancedheading.kt-adv-heading93675_947e1f-3b[data-kb-block=\"kb-adv-heading93675_947e1f-3b\"]{display:block;font-size:16px;font-weight:400;font-style:normal;font-family:Jost;}.wp-block-kadence-advancedheading.kt-adv-heading93675_947e1f-3b mark.kt-highlight, .wp-block-kadence-advancedheading.kt-adv-heading93675_947e1f-3b[data-kb-block=\"kb-adv-heading93675_947e1f-3b\"] mark.kt-highlight{font-style:normal;color:#f76a0c;-webkit-box-decoration-break:clone;box-decoration-break:clone;padding-top:0px;padding-right:0px;padding-bottom:0px;padding-left:0px;}.wp-block-kadence-advancedheading.kt-adv-heading93675_947e1f-3b img.kb-inline-image, .wp-block-kadence-advancedheading.kt-adv-heading93675_947e1f-3b[data-kb-block=\"kb-adv-heading93675_947e1f-3b\"] img.kb-inline-image{width:150px;vertical-align:baseline;}<\/style>\n<span class=\"kt-adv-heading93675_947e1f-3b wp-block-kadence-advancedheading has-white-color has-text-color\" data-kb-block=\"kb-adv-heading93675_947e1f-3b\">[cm_options]Open Consent Options[\/cm_options]<\/span>\n<\/div>\n\n<p>Sie k\u00f6nnen Ihre Cookie-Einstellungen jederzeit \u00e4ndern, indem Sie auf die obige Schaltfl\u00e4che klicken. Auf diese Weise k\u00f6nnen Sie das Cookie-Einwilligungsbanner erneut aufrufen und Ihre Einstellungen \u00e4ndern oder Ihre Einwilligung sofort widerrufen.<\/p>\n\n<p>Dar\u00fcber hinaus bieten verschiedene Browser unterschiedliche Methoden zum Blockieren und L\u00f6schen von Cookies, die von Websites verwendet werden. Sie k\u00f6nnen die Einstellungen Ihres Browsers \u00e4ndern, um die Cookies zu blockieren\/l\u00f6schen. Nachstehend finden Sie die Links zu den Support-Dokumenten, die Ihnen zeigen, wie Sie Cookies in den wichtigsten Webbrowsern verwalten und l\u00f6schen k\u00f6nnen.<\/p>\n\n<p>Chrom: <a href=\"https:\/\/support.google.com\/accounts\/answer\/32050\" target=\"_blank\" rel=\"noreferrer noopener\">https:\/\/support.google.com\/accounts\/answer\/32050<\/a><\/p>\n\n<p>Safari: <a href=\"https:\/\/support.apple.com\/en-in\/guide\/safari\/sfri11471\/mac\" target=\"_blank\" rel=\"noreferrer noopener\">https:\/\/support.apple.com\/en-in\/guide\/safari\/sfri11471\/mac<\/a><\/p>\n\n<p>Firefox: <a href=\"https:\/\/support.mozilla.org\/en-US\/kb\/clear-cookies-and-site-data-firefox?redirectslug=delete-cookies-remove-info-websites-stored&amp;redirectlocale=en-US\" target=\"_blank\" rel=\"noreferrer noopener\">https:\/\/support.mozilla.org\/en-US\/kb\/clear-cookies-and-site-data-firefox?redirectslug=delete-cookies-remove-info-websites-stored&amp;redirectlocale=en-US<\/a><\/p>\n\n<p>Internet Explorer: <a href=\"https:\/\/support.microsoft.com\/en-us\/topic\/how-to-delete-cookie-files-in-internet-explorer-bca9446f-d873-78de-77ba-d42645fa52fc\" target=\"_blank\" rel=\"noreferrer noopener\">https:\/\/support.microsoft.com\/en-us\/topic\/how-to-delete-cookie-files-in-internet-explorer-bca9446f-d873-78de-77ba-d42645fa52fc<\/a><\/p>\n\n<p>Wenn Sie einen anderen Webbrowser verwenden, besuchen Sie bitte die offiziellen Support-Dokumente f\u00fcr Ihren Browser.<\/p>\n","protected":false},"excerpt":{"rendered":"<p>Zuletzt aktualisiert: 03-Jun-2024 Was sind Cookies? Diese Cookie-Richtlinie erkl\u00e4rt, was Cookies sind und wie wir sie verwenden, welche Arten von Cookies wir verwenden, welche Informationen wir mit Hilfe von Cookies sammeln und wie diese Informationen verwendet werden, und wie Sie Ihre Cookie-Einstellungen verwalten k\u00f6nnen. Cookies sind kleine Textdateien, die dazu dienen, kleine Informationen zu speichern. [&hellip;]<\/p>\n","protected":false},"author":1,"featured_media":0,"parent":0,"menu_order":0,"comment_status":"closed","ping_status":"closed","template":"template-fullwidth.php","meta":{"bwfblock_default_font":"","_gspb_post_css":".gspb_container-id-gsbp-6f8a82f{flex-direction:column;box-sizing:border-box}#gspb_container-id-gsbp-6f8a82f.gspb_container>p:last-of-type{margin-bottom:0}.gspb_container{position:relative}#gspb_container-id-gsbp-6f8a82f.gspb_container,#gspb_container-id-gsbp-6f8a82f.gspb_container .wp-block a,#gspb_container-id-gsbp-6f8a82f.gspb_container .wp-block a:hover,#gspb_container-id-gsbp-6f8a82f.gspb_container a,#gspb_container-id-gsbp-6f8a82f.gspb_container a:hover,#gspb_container-id-gsbp-6f8a82f.gspb_container:hover{color:var(--wp--preset--color--white, #ffffff)}#gspb_container-id-gsbp-6f8a82f.gspb_container{margin-bottom:25px;padding:5px 10px;background-color:#f0f0f0}body.gspb-bodyfront #gspb_container-id-gsbp-6f8a82f.gspb_container{max-width:180px}","_kad_blocks_custom_css":"","_kad_blocks_head_custom_js":"","_kad_blocks_body_custom_js":"","_kad_blocks_footer_custom_js":"","footnotes":""},"class_list":["post-93679","page","type-page","status-publish","hentry"],"yoast_head":"<!-- This site is optimized with the Yoast SEO Premium plugin v26.8 (Yoast SEO v27.0) - https:\/\/yoast.com\/product\/yoast-seo-premium-wordpress\/ -->\n<title>Cookie-Richtlinie | GFOGAMING<\/title>\n<meta name=\"robots\" content=\"index, follow, max-snippet:-1, max-image-preview:large, max-video-preview:-1\" \/>\n<link rel=\"canonical\" href=\"https:\/\/www.gfogaming.com\/de\/cookie-richtlinie\/\" \/>\n<script type=\"application\/ld+json\" class=\"yoast-schema-graph\">{\"@context\":\"https:\/\/schema.org\",\"@graph\":[{\"@type\":\"WebPage\",\"@id\":\"https:\/\/www.gfogaming.com\/de\/cookie-richtlinie\/\",\"url\":\"https:\/\/www.gfogaming.com\/de\/cookie-richtlinie\/\",\"name\":\"Cookie-Richtlinie | GFOGAMING\",\"isPartOf\":{\"@id\":\"https:\/\/www.gfogaming.com\/de\/#website\"},\"datePublished\":\"2024-06-04T08:43:18+00:00\",\"dateModified\":\"2024-06-04T09:25:03+00:00\",\"breadcrumb\":{\"@id\":\"https:\/\/www.gfogaming.com\/de\/cookie-richtlinie\/#breadcrumb\"},\"inLanguage\":\"de\",\"potentialAction\":[{\"@type\":\"ReadAction\",\"target\":[\"https:\/\/www.gfogaming.com\/de\/cookie-richtlinie\/\"]}]},{\"@type\":\"BreadcrumbList\",\"@id\":\"https:\/\/www.gfogaming.com\/de\/cookie-richtlinie\/#breadcrumb\",\"itemListElement\":[{\"@type\":\"ListItem\",\"position\":1,\"name\":\"Home\",\"item\":\"https:\/\/www.gfogaming.com\/de\/\"},{\"@type\":\"ListItem\",\"position\":2,\"name\":\"Cookie-Richtlinie\"}]},{\"@type\":\"WebSite\",\"@id\":\"https:\/\/www.gfogaming.com\/de\/#website\",\"url\":\"https:\/\/www.gfogaming.com\/de\/\",\"name\":\"GFO Gaming\",\"description\":\"\",\"publisher\":{\"@id\":\"https:\/\/www.gfogaming.com\/de\/#organization\"},\"potentialAction\":[{\"@type\":\"SearchAction\",\"target\":{\"@type\":\"EntryPoint\",\"urlTemplate\":\"https:\/\/www.gfogaming.com\/de\/?s={search_term_string}\"},\"query-input\":{\"@type\":\"PropertyValueSpecification\",\"valueRequired\":true,\"valueName\":\"search_term_string\"}}],\"inLanguage\":\"de\"},{\"@type\":\"Organization\",\"@id\":\"https:\/\/www.gfogaming.com\/de\/#organization\",\"name\":\"GFOGAMING\",\"url\":\"https:\/\/www.gfogaming.com\/de\/\",\"logo\":{\"@type\":\"ImageObject\",\"inLanguage\":\"de\",\"@id\":\"https:\/\/www.gfogaming.com\/de\/#\/schema\/logo\/image\/\",\"url\":\"https:\/\/cdn.gfogaming.com\/wp-content\/uploads\/2023\/10\/04120106\/GFO-Logos-02.png\",\"contentUrl\":\"https:\/\/cdn.gfogaming.com\/wp-content\/uploads\/2023\/10\/04120106\/GFO-Logos-02.png\",\"width\":1276,\"height\":272,\"caption\":\"GFOGAMING\"},\"image\":{\"@id\":\"https:\/\/www.gfogaming.com\/de\/#\/schema\/logo\/image\/\"},\"sameAs\":[\"https:\/\/www.instagram.com\/gefunon_gaming\/\"]}]}<\/script>\n<!-- \/ Yoast SEO Premium plugin. -->","yoast_head_json":{"title":"Cookie-Richtlinie | GFOGAMING","robots":{"index":"index","follow":"follow","max-snippet":"max-snippet:-1","max-image-preview":"max-image-preview:large","max-video-preview":"max-video-preview:-1"},"canonical":"https:\/\/www.gfogaming.com\/de\/cookie-richtlinie\/","schema":{"@context":"https:\/\/schema.org","@graph":[{"@type":"WebPage","@id":"https:\/\/www.gfogaming.com\/de\/cookie-richtlinie\/","url":"https:\/\/www.gfogaming.com\/de\/cookie-richtlinie\/","name":"Cookie-Richtlinie | GFOGAMING","isPartOf":{"@id":"https:\/\/www.gfogaming.com\/de\/#website"},"datePublished":"2024-06-04T08:43:18+00:00","dateModified":"2024-06-04T09:25:03+00:00","breadcrumb":{"@id":"https:\/\/www.gfogaming.com\/de\/cookie-richtlinie\/#breadcrumb"},"inLanguage":"de","potentialAction":[{"@type":"ReadAction","target":["https:\/\/www.gfogaming.com\/de\/cookie-richtlinie\/"]}]},{"@type":"BreadcrumbList","@id":"https:\/\/www.gfogaming.com\/de\/cookie-richtlinie\/#breadcrumb","itemListElement":[{"@type":"ListItem","position":1,"name":"Home","item":"https:\/\/www.gfogaming.com\/de\/"},{"@type":"ListItem","position":2,"name":"Cookie-Richtlinie"}]},{"@type":"WebSite","@id":"https:\/\/www.gfogaming.com\/de\/#website","url":"https:\/\/www.gfogaming.com\/de\/","name":"GFO Gaming","description":"","publisher":{"@id":"https:\/\/www.gfogaming.com\/de\/#organization"},"potentialAction":[{"@type":"SearchAction","target":{"@type":"EntryPoint","urlTemplate":"https:\/\/www.gfogaming.com\/de\/?s={search_term_string}"},"query-input":{"@type":"PropertyValueSpecification","valueRequired":true,"valueName":"search_term_string"}}],"inLanguage":"de"},{"@type":"Organization","@id":"https:\/\/www.gfogaming.com\/de\/#organization","name":"GFOGAMING","url":"https:\/\/www.gfogaming.com\/de\/","logo":{"@type":"ImageObject","inLanguage":"de","@id":"https:\/\/www.gfogaming.com\/de\/#\/schema\/logo\/image\/","url":"https:\/\/cdn.gfogaming.com\/wp-content\/uploads\/2023\/10\/04120106\/GFO-Logos-02.png","contentUrl":"https:\/\/cdn.gfogaming.com\/wp-content\/uploads\/2023\/10\/04120106\/GFO-Logos-02.png","width":1276,"height":272,"caption":"GFOGAMING"},"image":{"@id":"https:\/\/www.gfogaming.com\/de\/#\/schema\/logo\/image\/"},"sameAs":["https:\/\/www.instagram.com\/gefunon_gaming\/"]}]}},"taxonomy_info":[],"featured_image_src_large":false,"author_info":{"display_name":"ming44025","author_link":"https:\/\/www.gfogaming.com\/de\/author\/ming44025\/"},"comment_info":0,"_links":{"self":[{"href":"https:\/\/www.gfogaming.com\/de\/wp-json\/wp\/v2\/pages\/93679","targetHints":{"allow":["GET"]}}],"collection":[{"href":"https:\/\/www.gfogaming.com\/de\/wp-json\/wp\/v2\/pages"}],"about":[{"href":"https:\/\/www.gfogaming.com\/de\/wp-json\/wp\/v2\/types\/page"}],"author":[{"embeddable":true,"href":"https:\/\/www.gfogaming.com\/de\/wp-json\/wp\/v2\/users\/1"}],"replies":[{"embeddable":true,"href":"https:\/\/www.gfogaming.com\/de\/wp-json\/wp\/v2\/comments?post=93679"}],"version-history":[{"count":0,"href":"https:\/\/www.gfogaming.com\/de\/wp-json\/wp\/v2\/pages\/93679\/revisions"}],"wp:attachment":[{"href":"https:\/\/www.gfogaming.com\/de\/wp-json\/wp\/v2\/media?parent=93679"}],"curies":[{"name":"wp","href":"https:\/\/api.w.org\/{rel}","templated":true}]}}