{"id":93356,"date":"2024-05-30T06:38:58","date_gmt":"2024-05-30T06:38:58","guid":{"rendered":"https:\/\/www.gfogaming.com\/kontaktieren-sie-uns\/"},"modified":"2024-05-30T08:51:22","modified_gmt":"2024-05-30T08:51:22","slug":"kontaktieren-sie-uns","status":"publish","type":"page","link":"https:\/\/www.gfogaming.com\/de\/kontaktieren-sie-uns\/","title":{"rendered":"Kontaktieren Sie uns"},"content":{"rendered":"<style>.kb-row-layout-id93354_d34171-a6 > .kt-row-column-wrap{align-content:start;}:where(.kb-row-layout-id93354_d34171-a6 > .kt-row-column-wrap) > .wp-block-kadence-column{justify-content:start;}.kb-row-layout-id93354_d34171-a6 > .kt-row-column-wrap{column-gap:var(--global-kb-gap-md, 2rem);row-gap:var(--global-kb-gap-md, 2rem);padding-top:var(--global-kb-spacing-sm, 1.5rem);padding-bottom:var(--global-kb-spacing-sm, 1.5rem);grid-template-columns:minmax(0, 1fr);}.kb-row-layout-id93354_d34171-a6 > .kt-row-layout-overlay{opacity:0.30;}@media all and (max-width: 1024px){.kb-row-layout-id93354_d34171-a6 > .kt-row-column-wrap{grid-template-columns:minmax(0, 1fr);}}@media all and (max-width: 767px){.kb-row-layout-id93354_d34171-a6 > .kt-row-column-wrap{grid-template-columns:minmax(0, 1fr);}}<\/style><div class=\"kb-row-layout-wrap kb-row-layout-id93354_d34171-a6 alignnone wp-block-kadence-rowlayout\"><div class=\"kt-row-column-wrap kt-has-1-columns kt-row-layout-equal kt-tab-layout-inherit kt-mobile-layout-row kt-row-valign-top\">\n<style>.kadence-column93354_9b3457-7f > .kt-inside-inner-col{padding-right:25%;padding-left:25%;}.kadence-column93354_9b3457-7f > .kt-inside-inner-col,.kadence-column93354_9b3457-7f > .kt-inside-inner-col:before{border-top-left-radius:0px;border-top-right-radius:0px;border-bottom-right-radius:0px;border-bottom-left-radius:0px;}.kadence-column93354_9b3457-7f > .kt-inside-inner-col{column-gap:var(--global-kb-gap-sm, 1rem);}.kadence-column93354_9b3457-7f > .kt-inside-inner-col{flex-direction:column;}.kadence-column93354_9b3457-7f > .kt-inside-inner-col > .aligncenter{width:100%;}.kadence-column93354_9b3457-7f > .kt-inside-inner-col:before{opacity:0.3;}.kadence-column93354_9b3457-7f{position:relative;}@media all and (max-width: 1024px){.kadence-column93354_9b3457-7f > .kt-inside-inner-col{flex-direction:column;justify-content:center;}}@media all and (max-width: 767px){.kadence-column93354_9b3457-7f > .kt-inside-inner-col{padding-right:2%;padding-left:2%;flex-direction:column;justify-content:center;}}<\/style>\n<div class=\"wp-block-kadence-column kadence-column93354_9b3457-7f\"><div class=\"kt-inside-inner-col\"><style>.wp-block-kadence-advancedheading.kt-adv-heading93354_e353cf-cd, .wp-block-kadence-advancedheading.kt-adv-heading93354_e353cf-cd[data-kb-block=\"kb-adv-heading93354_e353cf-cd\"]{padding-bottom:var(--global-kb-spacing-md, 2rem);text-align:center;font-style:normal;}.wp-block-kadence-advancedheading.kt-adv-heading93354_e353cf-cd mark.kt-highlight, .wp-block-kadence-advancedheading.kt-adv-heading93354_e353cf-cd[data-kb-block=\"kb-adv-heading93354_e353cf-cd\"] mark.kt-highlight{font-style:normal;color:#f76a0c;-webkit-box-decoration-break:clone;box-decoration-break:clone;padding-top:0px;padding-right:0px;padding-bottom:0px;padding-left:0px;}.wp-block-kadence-advancedheading.kt-adv-heading93354_e353cf-cd img.kb-inline-image, .wp-block-kadence-advancedheading.kt-adv-heading93354_e353cf-cd[data-kb-block=\"kb-adv-heading93354_e353cf-cd\"] img.kb-inline-image{width:150px;vertical-align:baseline;}@media all and (max-width: 767px){.wp-block-kadence-advancedheading.kt-adv-heading93354_e353cf-cd, .wp-block-kadence-advancedheading.kt-adv-heading93354_e353cf-cd[data-kb-block=\"kb-adv-heading93354_e353cf-cd\"]{padding-bottom:var(--global-kb-spacing-xs, 1rem);}}<\/style>\n<h2 class=\"kt-adv-heading93354_e353cf-cd wp-block-kadence-advancedheading\" data-kb-block=\"kb-adv-heading93354_e353cf-cd\">Kontaktieren Sie uns<\/h2>\n\n\n\n<p>Bevor Sie sich an uns wenden, sollten Sie auf unserer <a href=\"https:\/\/www.gfogaming.com\/de\/haeufig-gestellte-fragen\/\">Hilfe-Seite<\/a> nachsehen, ob Ihre Frage bereits behandelt wurde.<\/p>\n\n\n\n<p>F\u00fcr R\u00fccksendungen, Umtausch oder Erstattungsanfragen f\u00fcllen Sie bitte das Formular auf der Seite<a href=\"https:\/\/www.gfogaming.com\/de\/30-tage-problemlose-rueckgabe\/\">&#8222;30 Tage problemlose R\u00fcckgabe<\/a>&#8220; aus, um uns zu kontaktieren.<\/p>\n\n\n\n<p>Wenn Sie Probleme mit einem Produkt haben, das noch unter Garantie steht, k\u00f6nnen Sie auf der Seite<a href=\"https:\/\/www.gfogaming.com\/de\/garantie-service\/\">&#8222;Garantieservice<\/a>&#8220; einen Fall einreichen.<\/p>\n\n\n\n<p>F\u00fcr alle anderen Anfragen k\u00f6nnen Sie uns jederzeit \u00fcber das untenstehende Formular kontaktieren.<\/p>\n\n\n<p class=\"wpcf7-contact-form-not-found\"><strong>Fehler:<\/strong> Kontaktformular wurde nicht gefunden.<\/p>\n\n\n\n<hr class=\"wp-block-separator has-alpha-channel-opacity\"\/>\n\n\n\n<p>FIRMENNAME: GUANGZHOU DULI ELECTRONIC PRODUCTS CO., LTD.<\/p>\n\n\n\n<p>EMAIL: <a href=\"mailto:CS@GFOGAMING.COM\">CS@GFOGAMING.COM<\/a><\/p>\n\n\n\n<p>TELEFON: 86-020-83527541  <\/p>\n\n\n\n<p>ADRESSE: ZIMMER 603, NR.123 JIEFANG NAN ROAD, YUEXIU DISTRICT, GUANGZHOU, GUANGDONG PROVINCE, CHINA<\/p>\n\n\n\n<p>B\u00dcROSTUNDEN: MONTAG~FREITAG 9:00 AM~5:30 PM (PST)<\/p>\n<\/div><\/div>\n\n<\/div><\/div>","protected":false},"excerpt":{"rendered":"<p>Kontaktieren Sie uns Bevor Sie sich an uns wenden, sollten Sie auf unserer Hilfe-Seite nachsehen, ob Ihre Frage bereits behandelt wurde. F\u00fcr R\u00fccksendungen, Umtausch oder Erstattungsanfragen f\u00fcllen Sie bitte das Formular auf der Seite&#8222;30 Tage problemlose R\u00fcckgabe&#8220; aus, um uns zu kontaktieren. Wenn Sie Probleme mit einem Produkt haben, das noch unter Garantie steht, k\u00f6nnen [&hellip;]<\/p>\n","protected":false},"author":1,"featured_media":0,"parent":0,"menu_order":0,"comment_status":"closed","ping_status":"closed","template":"template-fullwidth-no-heading.php","meta":{"bwfblock_default_font":"","_gspb_post_css":"","_kad_blocks_custom_css":"","_kad_blocks_head_custom_js":"","_kad_blocks_body_custom_js":"","_kad_blocks_footer_custom_js":"","footnotes":""},"class_list":["post-93356","page","type-page","status-publish","hentry"],"yoast_head":"<!-- This site is optimized with the Yoast SEO Premium plugin v26.8 (Yoast SEO v27.0) - https:\/\/yoast.com\/product\/yoast-seo-premium-wordpress\/ -->\n<title>Kontaktieren Sie uns | GFOGAMING<\/title>\n<meta name=\"robots\" content=\"index, follow, max-snippet:-1, max-image-preview:large, max-video-preview:-1\" \/>\n<link rel=\"canonical\" href=\"https:\/\/www.gfogaming.com\/de\/kontaktieren-sie-uns\/\" \/>\n<script type=\"application\/ld+json\" class=\"yoast-schema-graph\">{\"@context\":\"https:\/\/schema.org\",\"@graph\":[{\"@type\":\"WebPage\",\"@id\":\"https:\/\/www.gfogaming.com\/de\/kontaktieren-sie-uns\/\",\"url\":\"https:\/\/www.gfogaming.com\/de\/kontaktieren-sie-uns\/\",\"name\":\"Kontaktieren Sie uns | GFOGAMING\",\"isPartOf\":{\"@id\":\"https:\/\/www.gfogaming.com\/de\/#website\"},\"datePublished\":\"2024-05-30T06:38:58+00:00\",\"dateModified\":\"2024-05-30T08:51:22+00:00\",\"breadcrumb\":{\"@id\":\"https:\/\/www.gfogaming.com\/de\/kontaktieren-sie-uns\/#breadcrumb\"},\"inLanguage\":\"de\",\"potentialAction\":[{\"@type\":\"ReadAction\",\"target\":[\"https:\/\/www.gfogaming.com\/de\/kontaktieren-sie-uns\/\"]}]},{\"@type\":\"BreadcrumbList\",\"@id\":\"https:\/\/www.gfogaming.com\/de\/kontaktieren-sie-uns\/#breadcrumb\",\"itemListElement\":[{\"@type\":\"ListItem\",\"position\":1,\"name\":\"Home\",\"item\":\"https:\/\/www.gfogaming.com\/de\/\"},{\"@type\":\"ListItem\",\"position\":2,\"name\":\"Kontaktieren Sie uns\"}]},{\"@type\":\"WebSite\",\"@id\":\"https:\/\/www.gfogaming.com\/de\/#website\",\"url\":\"https:\/\/www.gfogaming.com\/de\/\",\"name\":\"GFO Gaming\",\"description\":\"\",\"publisher\":{\"@id\":\"https:\/\/www.gfogaming.com\/de\/#organization\"},\"potentialAction\":[{\"@type\":\"SearchAction\",\"target\":{\"@type\":\"EntryPoint\",\"urlTemplate\":\"https:\/\/www.gfogaming.com\/de\/?s={search_term_string}\"},\"query-input\":{\"@type\":\"PropertyValueSpecification\",\"valueRequired\":true,\"valueName\":\"search_term_string\"}}],\"inLanguage\":\"de\"},{\"@type\":\"Organization\",\"@id\":\"https:\/\/www.gfogaming.com\/de\/#organization\",\"name\":\"GFOGAMING\",\"url\":\"https:\/\/www.gfogaming.com\/de\/\",\"logo\":{\"@type\":\"ImageObject\",\"inLanguage\":\"de\",\"@id\":\"https:\/\/www.gfogaming.com\/de\/#\/schema\/logo\/image\/\",\"url\":\"https:\/\/cdn.gfogaming.com\/wp-content\/uploads\/2023\/10\/04120106\/GFO-Logos-02.png\",\"contentUrl\":\"https:\/\/cdn.gfogaming.com\/wp-content\/uploads\/2023\/10\/04120106\/GFO-Logos-02.png\",\"width\":1276,\"height\":272,\"caption\":\"GFOGAMING\"},\"image\":{\"@id\":\"https:\/\/www.gfogaming.com\/de\/#\/schema\/logo\/image\/\"},\"sameAs\":[\"https:\/\/www.instagram.com\/gefunon_gaming\/\"]}]}<\/script>\n<!-- \/ Yoast SEO Premium plugin. -->","yoast_head_json":{"title":"Kontaktieren Sie uns | GFOGAMING","robots":{"index":"index","follow":"follow","max-snippet":"max-snippet:-1","max-image-preview":"max-image-preview:large","max-video-preview":"max-video-preview:-1"},"canonical":"https:\/\/www.gfogaming.com\/de\/kontaktieren-sie-uns\/","schema":{"@context":"https:\/\/schema.org","@graph":[{"@type":"WebPage","@id":"https:\/\/www.gfogaming.com\/de\/kontaktieren-sie-uns\/","url":"https:\/\/www.gfogaming.com\/de\/kontaktieren-sie-uns\/","name":"Kontaktieren Sie uns | GFOGAMING","isPartOf":{"@id":"https:\/\/www.gfogaming.com\/de\/#website"},"datePublished":"2024-05-30T06:38:58+00:00","dateModified":"2024-05-30T08:51:22+00:00","breadcrumb":{"@id":"https:\/\/www.gfogaming.com\/de\/kontaktieren-sie-uns\/#breadcrumb"},"inLanguage":"de","potentialAction":[{"@type":"ReadAction","target":["https:\/\/www.gfogaming.com\/de\/kontaktieren-sie-uns\/"]}]},{"@type":"BreadcrumbList","@id":"https:\/\/www.gfogaming.com\/de\/kontaktieren-sie-uns\/#breadcrumb","itemListElement":[{"@type":"ListItem","position":1,"name":"Home","item":"https:\/\/www.gfogaming.com\/de\/"},{"@type":"ListItem","position":2,"name":"Kontaktieren Sie uns"}]},{"@type":"WebSite","@id":"https:\/\/www.gfogaming.com\/de\/#website","url":"https:\/\/www.gfogaming.com\/de\/","name":"GFO Gaming","description":"","publisher":{"@id":"https:\/\/www.gfogaming.com\/de\/#organization"},"potentialAction":[{"@type":"SearchAction","target":{"@type":"EntryPoint","urlTemplate":"https:\/\/www.gfogaming.com\/de\/?s={search_term_string}"},"query-input":{"@type":"PropertyValueSpecification","valueRequired":true,"valueName":"search_term_string"}}],"inLanguage":"de"},{"@type":"Organization","@id":"https:\/\/www.gfogaming.com\/de\/#organization","name":"GFOGAMING","url":"https:\/\/www.gfogaming.com\/de\/","logo":{"@type":"ImageObject","inLanguage":"de","@id":"https:\/\/www.gfogaming.com\/de\/#\/schema\/logo\/image\/","url":"https:\/\/cdn.gfogaming.com\/wp-content\/uploads\/2023\/10\/04120106\/GFO-Logos-02.png","contentUrl":"https:\/\/cdn.gfogaming.com\/wp-content\/uploads\/2023\/10\/04120106\/GFO-Logos-02.png","width":1276,"height":272,"caption":"GFOGAMING"},"image":{"@id":"https:\/\/www.gfogaming.com\/de\/#\/schema\/logo\/image\/"},"sameAs":["https:\/\/www.instagram.com\/gefunon_gaming\/"]}]}},"taxonomy_info":[],"featured_image_src_large":false,"author_info":{"display_name":"ming44025","author_link":"https:\/\/www.gfogaming.com\/de\/author\/ming44025\/"},"comment_info":0,"_links":{"self":[{"href":"https:\/\/www.gfogaming.com\/de\/wp-json\/wp\/v2\/pages\/93356","targetHints":{"allow":["GET"]}}],"collection":[{"href":"https:\/\/www.gfogaming.com\/de\/wp-json\/wp\/v2\/pages"}],"about":[{"href":"https:\/\/www.gfogaming.com\/de\/wp-json\/wp\/v2\/types\/page"}],"author":[{"embeddable":true,"href":"https:\/\/www.gfogaming.com\/de\/wp-json\/wp\/v2\/users\/1"}],"replies":[{"embeddable":true,"href":"https:\/\/www.gfogaming.com\/de\/wp-json\/wp\/v2\/comments?post=93356"}],"version-history":[{"count":0,"href":"https:\/\/www.gfogaming.com\/de\/wp-json\/wp\/v2\/pages\/93356\/revisions"}],"wp:attachment":[{"href":"https:\/\/www.gfogaming.com\/de\/wp-json\/wp\/v2\/media?parent=93356"}],"curies":[{"name":"wp","href":"https:\/\/api.w.org\/{rel}","templated":true}]}}